{"id":100,"date":"2016-08-10T15:26:59","date_gmt":"2016-08-10T15:26:59","guid":{"rendered":"http:\/\/localhost\/wordpress\/event\/?page_id=100"},"modified":"2026-02-27T05:00:19","modified_gmt":"2026-02-27T04:00:19","slug":"andrea-donofrio","status":"publish","type":"page","link":"https:\/\/ashiscom.org\/congreso-jovenes\/comite-direccion\/andrea-donofrio\/","title":{"rendered":"Andrea Donofrio"},"content":{"rendered":"\n<div class=\"wp-block-media-text is-stacked-on-mobile is-vertically-aligned-top\"><figure class=\"wp-block-media-text__media\"><img loading=\"lazy\" decoding=\"async\" width=\"634\" height=\"634\" src=\"https:\/\/ashiscom.org\/congreso-jovenes\/wp-content\/uploads\/2026\/02\/Andrea.jpg\" alt=\"\" class=\"wp-image-745 size-full\" srcset=\"https:\/\/ashiscom.org\/congreso-jovenes\/wp-content\/uploads\/2026\/02\/Andrea.jpg 634w, https:\/\/ashiscom.org\/congreso-jovenes\/wp-content\/uploads\/2026\/02\/Andrea-300x300.jpg 300w, https:\/\/ashiscom.org\/congreso-jovenes\/wp-content\/uploads\/2026\/02\/Andrea-150x150.jpg 150w\" sizes=\"auto, (max-width: 634px) 100vw, 634px\" \/><\/figure><div class=\"wp-block-media-text__content\">\n<p>Andrea Donofrio es profesor contratado doctor en el Departamento de Periodismo y Comunicaci\u00f3n Global de la Facultad de Ciencias de la Informaci\u00f3n de la Universidad Complutense de Madrid (UCM).<\/p>\n\n\n\n<p>Cuenta con un doctorado en Ciencias de la Informaci\u00f3n por la UCM y una licenciatura en Ciencias Pol\u00edticas por la Universidad Federico II de N\u00e1poles, obteniendo el premio extraordinario de fin de carrera.<\/p>\n\n\n\n<p>Su trayectoria acad\u00e9mica se centra en periodismo y comunicaci\u00f3n, integr\u00e1ndose en grupos de investigaci\u00f3n vinculados a su \u00e1rea. Su perfil destaca por su formaci\u00f3n internacional y su enfoque interdisciplinario entre pol\u00edtica y medios.<\/p>\n<\/div><\/div>\n","protected":false},"excerpt":{"rendered":"<p>Andrea Donofrio es profesor contratado doctor en el Departamento de Periodismo y Comunicaci\u00f3n Global de la Facultad de Ciencias de la Informaci\u00f3n&hellip; <\/p>\n","protected":false},"author":1,"featured_media":745,"parent":91,"menu_order":0,"comment_status":"closed","ping_status":"closed","template":"","meta":{"footnotes":""},"class_list":["post-100","page","type-page","status-publish","has-post-thumbnail","hentry"],"_links":{"self":[{"href":"https:\/\/ashiscom.org\/congreso-jovenes\/wp-json\/wp\/v2\/pages\/100","targetHints":{"allow":["GET"]}}],"collection":[{"href":"https:\/\/ashiscom.org\/congreso-jovenes\/wp-json\/wp\/v2\/pages"}],"about":[{"href":"https:\/\/ashiscom.org\/congreso-jovenes\/wp-json\/wp\/v2\/types\/page"}],"author":[{"embeddable":true,"href":"https:\/\/ashiscom.org\/congreso-jovenes\/wp-json\/wp\/v2\/users\/1"}],"replies":[{"embeddable":true,"href":"https:\/\/ashiscom.org\/congreso-jovenes\/wp-json\/wp\/v2\/comments?post=100"}],"version-history":[{"count":2,"href":"https:\/\/ashiscom.org\/congreso-jovenes\/wp-json\/wp\/v2\/pages\/100\/revisions"}],"predecessor-version":[{"id":815,"href":"https:\/\/ashiscom.org\/congreso-jovenes\/wp-json\/wp\/v2\/pages\/100\/revisions\/815"}],"up":[{"embeddable":true,"href":"https:\/\/ashiscom.org\/congreso-jovenes\/wp-json\/wp\/v2\/pages\/91"}],"wp:featuredmedia":[{"embeddable":true,"href":"https:\/\/ashiscom.org\/congreso-jovenes\/wp-json\/wp\/v2\/media\/745"}],"wp:attachment":[{"href":"https:\/\/ashiscom.org\/congreso-jovenes\/wp-json\/wp\/v2\/media?parent=100"}],"curies":[{"name":"wp","href":"https:\/\/api.w.org\/{rel}","templated":true}]}}