{"id":101,"date":"2016-08-10T15:26:46","date_gmt":"2016-08-10T15:26:46","guid":{"rendered":"http:\/\/localhost\/wordpress\/event\/?page_id=101"},"modified":"2026-02-27T05:03:04","modified_gmt":"2026-02-27T04:03:04","slug":"maria-jose","status":"publish","type":"page","link":"https:\/\/ashiscom.org\/congreso-jovenes\/comite-direccion\/maria-jose\/","title":{"rendered":"Mar\u00eda Jos\u00e9 P\u00e9rez Serrano"},"content":{"rendered":"\n<div class=\"wp-block-media-text is-stacked-on-mobile is-vertically-aligned-top\"><figure class=\"wp-block-media-text__media\"><img loading=\"lazy\" decoding=\"async\" width=\"375\" height=\"375\" src=\"https:\/\/ashiscom.org\/congreso-jovenes\/wp-content\/uploads\/2026\/02\/MariaJose.jpg\" alt=\"\" class=\"wp-image-748 size-full\" srcset=\"https:\/\/ashiscom.org\/congreso-jovenes\/wp-content\/uploads\/2026\/02\/MariaJose.jpg 375w, https:\/\/ashiscom.org\/congreso-jovenes\/wp-content\/uploads\/2026\/02\/MariaJose-300x300.jpg 300w, https:\/\/ashiscom.org\/congreso-jovenes\/wp-content\/uploads\/2026\/02\/MariaJose-150x150.jpg 150w\" sizes=\"auto, (max-width: 375px) 100vw, 375px\" \/><\/figure><div class=\"wp-block-media-text__content\">\n<p>Licenciada en Periodismo; doctora en Ciencias de la Informaci\u00f3n; Premio Extraordinario de Doctorado y MBA, con la especialidad de Gesti\u00f3n Financiera.<\/p>\n\n\n\n<p>Es profesora del Departamento de Periodismo y Comunicaci\u00f3n Global de la Facultad de Ciencias de la Informaci\u00f3n de la Universidad Complutense de Madrid, y miembro del grupo de investigaci\u00f3n MediaCom UCM, y del proyecto I+D con financiaci\u00f3n ministerial \u201cCI-COMPOL\u201d.<\/p>\n\n\n\n<p>Especialista en gesti\u00f3n, organizaci\u00f3n y direcci\u00f3n de la Empresa Informativa, tambi\u00e9n tiene una importante dedicaci\u00f3n acad\u00e9mica en lo concerniente al plano metodol\u00f3gico y docente de su \u00e1rea de conocimiento.<\/p>\n\n\n\n<p>Es Profesora Titular de Universidad; cuenta con el Certificado I3; tiene dos sexenios de investigaci\u00f3n reconocidos y tres quinquenios de docencia (UCM). Ha pertenecido, entre otros, al cuerpo docente de la Universidad Pontificia de Salamanca y de la Universidad San Jorge, y, ahora, de la Universidad Complutense de Madrid, donde adem\u00e1s es la Coordinadora del Programa de Doctorado en Periodismo en la Facultad de Ciencias de Ciencias de la Informaci\u00f3n.<\/p>\n\n\n\n<p>Asimismo, ha desarrollado estancias e impartido conferencias en universidades nacionales e internacionales de Argentina, B\u00e9lgica, M\u00e9xico, Francia, Italia y Portugal. Fue miembro en la fundaci\u00f3n de la European Media Management Association (EMMA) y, actualmente, es coordinadora de la secci\u00f3n Periodismo y Nuevos Medios de la Asociaci\u00f3n Espa\u00f1ola de Investigaci\u00f3n de la Comunicaci\u00f3n (AE-IC) y tesorera de la Sociedad Espa\u00f1ola de Period\u00edstica (SEP).<\/p>\n<\/div><\/div>\n","protected":false},"excerpt":{"rendered":"<p>Licenciada en Periodismo; doctora en Ciencias de la Informaci\u00f3n; Premio Extraordinario de Doctorado y MBA, con la especialidad de Gesti\u00f3n Financiera. Es&hellip; <\/p>\n","protected":false},"author":1,"featured_media":748,"parent":91,"menu_order":0,"comment_status":"closed","ping_status":"closed","template":"","meta":{"footnotes":""},"class_list":["post-101","page","type-page","status-publish","has-post-thumbnail","hentry"],"_links":{"self":[{"href":"https:\/\/ashiscom.org\/congreso-jovenes\/wp-json\/wp\/v2\/pages\/101","targetHints":{"allow":["GET"]}}],"collection":[{"href":"https:\/\/ashiscom.org\/congreso-jovenes\/wp-json\/wp\/v2\/pages"}],"about":[{"href":"https:\/\/ashiscom.org\/congreso-jovenes\/wp-json\/wp\/v2\/types\/page"}],"author":[{"embeddable":true,"href":"https:\/\/ashiscom.org\/congreso-jovenes\/wp-json\/wp\/v2\/users\/1"}],"replies":[{"embeddable":true,"href":"https:\/\/ashiscom.org\/congreso-jovenes\/wp-json\/wp\/v2\/comments?post=101"}],"version-history":[{"count":4,"href":"https:\/\/ashiscom.org\/congreso-jovenes\/wp-json\/wp\/v2\/pages\/101\/revisions"}],"predecessor-version":[{"id":821,"href":"https:\/\/ashiscom.org\/congreso-jovenes\/wp-json\/wp\/v2\/pages\/101\/revisions\/821"}],"up":[{"embeddable":true,"href":"https:\/\/ashiscom.org\/congreso-jovenes\/wp-json\/wp\/v2\/pages\/91"}],"wp:featuredmedia":[{"embeddable":true,"href":"https:\/\/ashiscom.org\/congreso-jovenes\/wp-json\/wp\/v2\/media\/748"}],"wp:attachment":[{"href":"https:\/\/ashiscom.org\/congreso-jovenes\/wp-json\/wp\/v2\/media?parent=101"}],"curies":[{"name":"wp","href":"https:\/\/api.w.org\/{rel}","templated":true}]}}