{"id":1015,"date":"2026-03-06T11:36:54","date_gmt":"2026-03-06T10:36:54","guid":{"rendered":"https:\/\/ashiscom.org\/congreso-jovenes\/?page_id=1015"},"modified":"2026-03-09T21:17:10","modified_gmt":"2026-03-09T20:17:10","slug":"el-periodismo-de-sucesos-como-cronica-social-de-su-epoca-nuevas-perspectivas-personajes-y-relatos","status":"publish","type":"page","link":"https:\/\/ashiscom.org\/congreso-jovenes\/mesas-del-congreso\/el-periodismo-de-sucesos-como-cronica-social-de-su-epoca-nuevas-perspectivas-personajes-y-relatos\/","title":{"rendered":"El periodismo de sucesos como cr\u00f3nica social de su \u00e9poca: nuevas perspectivas, personajes y relatos"},"content":{"rendered":"\n<p><strong>Coordinaci\u00f3n: <\/strong><br><strong>Luc\u00eda Calatayud-Cano<\/strong> (Universidad de Sevilla)<\/p>\n\n\n\n<p><strong>Resumen:<\/strong><\/p>\n\n\n\n<p>Los sucesos se asocian al morbo, el sensacionalismo, el chismorreo, lo vulgar, los bajos fondos; representan todo aquello que est\u00e1 mal y que, por tanto, la sociedad debe ocultar. Sin embargo, tambi\u00e9n muestran las grandes pasiones, dolores y tragedias que han movido a la humanidad desde sus or\u00edgenes hasta los podcasts de <em>true crime<\/em>.<\/p>\n\n\n\n<p>Esta mesa tiene como objetivos propiciar una reflexi\u00f3n en torno a los sucesos, cabeceras, coberturas medi\u00e1ticas y personajes ya conocidos y estudiados, pero tambi\u00e9n se\u00f1alar y poner en valor aquellos que todav\u00eda no han suscitado el inter\u00e9s de la Academia. De esta manera, se pretende desafiar los l\u00edmites epistemol\u00f3gicos intentando probar que los sucesos son algo m\u00e1s que cr\u00edmenes de sangre. Del mismo modo, se busca poner reconocer la labor de los y las profesionales (redactores\/as, fot\u00f3grafos\/as, presentadores\/as, etc.) que forman parte de la historia de la profesi\u00f3n period\u00edstica especializada en sucesos.<\/p>\n\n\n\n<p>Cabe se\u00f1alar que, los sucesos, al no estar necesariamente sujetos a ciertas exigencias period\u00edsticas ni atados a la actualidad, permiten reflexionar y exponer problem\u00e1ticas que interpelan directamente a la sociedad. Estas cuestiones, vistas con la perspectiva del tiempo, nos dan la oportunidad de conocer las l\u00f3gicas de pensamiento y el posicionamiento social respecto a determinadas cuestiones. Tambi\u00e9n es pertinente se\u00f1alar el profundo poder de entretenimiento que se les otorga a los sucesos por la capacidad de conexi\u00f3n con la sociedad.<\/p>\n\n\n\n<p>A lo largo de la historia, y hasta la actualidad, el periodismo de sucesos ha supuesto un g\u00e9nero estrechamente ligado a t\u00e9cnicas y f\u00f3rmulas period\u00edsticas comunes con los medios generalistas como los reportajes de investigaci\u00f3n, la recogida de testimonios, las entrevistas en profundidad o el tratamiento complejo de las fuentes. Sin embargo, tambi\u00e9n ha sabido crear un nuevo quehacer period\u00edstico en el que los l\u00edmites \u00e9ticos se han visto, en ocasiones, cuestionados; pero siempre determinados por el contexto<\/p>\n\n\n\n<p><strong>L\u00ednea de aceptaci\u00f3n de comunicaciones:<\/strong><\/p>\n\n\n\n<ul class=\"wp-block-list\">\n<li>Cobertura y tratamiento medi\u00e1tico de casos a trav\u00e9s de la mirada de los sucesos en radio, televisi\u00f3n y\/o prensa.<\/li>\n\n\n\n<li>Perfiles profesionales\/ personales, de actualidad o hist\u00f3ricos, cuya vida o producci\u00f3n period\u00edstica se relacione con el periodismo de sucesos.<\/li>\n\n\n\n<li>El cuestionamiento de la \u00e9tica y la moral en el periodismo de sucesos: estudio hist\u00f3rico, nuevas propuestas y redefiniciones deontol\u00f3gicas.<\/li>\n\n\n\n<li>Puesta en valor de nuevos formatos y g\u00e9neros para la difusi\u00f3n de los sucesos: el <em>true crime.<\/em><\/li>\n\n\n\n<li>Nuevas metodolog\u00edas, aportaciones y reflexiones para el estudio acad\u00e9mico del periodismo de sucesos.<\/li>\n<\/ul>\n\n\n\n<p><\/p>\n","protected":false},"excerpt":{"rendered":"<p>Coordinaci\u00f3n: Luc\u00eda Calatayud-Cano (Universidad de Sevilla) Resumen: Los sucesos se asocian al morbo, el sensacionalismo, el chismorreo, lo vulgar, los bajos fondos;&hellip; <\/p>\n","protected":false},"author":1,"featured_media":1018,"parent":828,"menu_order":0,"comment_status":"open","ping_status":"closed","template":"","meta":{"footnotes":""},"class_list":["post-1015","page","type-page","status-publish","has-post-thumbnail","hentry"],"_links":{"self":[{"href":"https:\/\/ashiscom.org\/congreso-jovenes\/wp-json\/wp\/v2\/pages\/1015","targetHints":{"allow":["GET"]}}],"collection":[{"href":"https:\/\/ashiscom.org\/congreso-jovenes\/wp-json\/wp\/v2\/pages"}],"about":[{"href":"https:\/\/ashiscom.org\/congreso-jovenes\/wp-json\/wp\/v2\/types\/page"}],"author":[{"embeddable":true,"href":"https:\/\/ashiscom.org\/congreso-jovenes\/wp-json\/wp\/v2\/users\/1"}],"replies":[{"embeddable":true,"href":"https:\/\/ashiscom.org\/congreso-jovenes\/wp-json\/wp\/v2\/comments?post=1015"}],"version-history":[{"count":3,"href":"https:\/\/ashiscom.org\/congreso-jovenes\/wp-json\/wp\/v2\/pages\/1015\/revisions"}],"predecessor-version":[{"id":1034,"href":"https:\/\/ashiscom.org\/congreso-jovenes\/wp-json\/wp\/v2\/pages\/1015\/revisions\/1034"}],"up":[{"embeddable":true,"href":"https:\/\/ashiscom.org\/congreso-jovenes\/wp-json\/wp\/v2\/pages\/828"}],"wp:featuredmedia":[{"embeddable":true,"href":"https:\/\/ashiscom.org\/congreso-jovenes\/wp-json\/wp\/v2\/media\/1018"}],"wp:attachment":[{"href":"https:\/\/ashiscom.org\/congreso-jovenes\/wp-json\/wp\/v2\/media?parent=1015"}],"curies":[{"name":"wp","href":"https:\/\/api.w.org\/{rel}","templated":true}]}}