{"id":1020,"date":"2026-03-06T11:40:50","date_gmt":"2026-03-06T10:40:50","guid":{"rendered":"https:\/\/ashiscom.org\/congreso-jovenes\/?page_id=1020"},"modified":"2026-03-06T11:52:31","modified_gmt":"2026-03-06T10:52:31","slug":"mirar-al-pasado-historia-y-audiovisual-en-la-era-de-la-revision-cultural","status":"publish","type":"page","link":"https:\/\/ashiscom.org\/congreso-jovenes\/mesas-del-congreso\/mirar-al-pasado-historia-y-audiovisual-en-la-era-de-la-revision-cultural\/","title":{"rendered":"Mirar al pasado: Historia y audiovisual en la era de la revisi\u00f3n cultural"},"content":{"rendered":"\n<p><strong>Coordinaci\u00f3n:<\/strong> <strong>N\u00e9stor Mu\u00f1oz Torrecilla<\/strong> (Universidad Complutense de Madrid)<\/p>\n\n\n\n<p><strong>Resumen:<\/strong><\/p>\n\n\n\n<p>Esta mesa propone un espacio de reflexi\u00f3n interdisciplinar sobre la creciente presencia de la revisi\u00f3n hist\u00f3rica en las pantallas contempor\u00e1neas y sobre los modos en que la ficci\u00f3n interviene activamente en la construcci\u00f3n de la memoria hist\u00f3rica. En las \u00faltimas d\u00e9cadas se ha producido un notable auge de las narrativas audiovisuales que revisitan acontecimientos, figuras y procesos hist\u00f3ricos: desde la consolidaci\u00f3n del biopic como g\u00e9nero dominante hasta la proliferaci\u00f3n de series hist\u00f3ricas en plataformas nacionales y globales. Estas producciones operan como discursos culturales que seleccionan, interpretan y resignifican hechos hist\u00f3ricos en funci\u00f3n de sensibilidades contempor\u00e1neas, intereses industriales, debates identitarios o disputas pol\u00edticas.<\/p>\n\n\n\n<p>El prop\u00f3sito de esta mesa es analizar c\u00f3mo estas im\u00e1genes del pasado son elaboradas, mediadas y disputadas en distintos contextos de producci\u00f3n, atendiendo tanto a los mecanismos narrativos y est\u00e9ticos como a las condiciones industriales y socioculturales que las hacen posibles. Consideramos que el audiovisual constituye un terreno privilegiado para observar las tensiones entre Historia y memoria, entre rigor documentado e imaginaci\u00f3n creativa, entre fidelidad y reinterpretaci\u00f3n y abre un abanico a la resignificaci\u00f3n de nuestro pasado con los ojos del presente. Desde esta perspectiva, la mesa invita a discutir la construcci\u00f3n hist\u00f3rica en el audiovisual como un proceso din\u00e1mico y en auge.<\/p>\n\n\n\n<p><strong>L\u00edneas de aceptaci\u00f3n de comunicaciones:<\/strong><\/p>\n\n\n\n<ul start=\"1\" class=\"wp-block-list\">\n<li>Estudios sobre biopics y su papel en la construcci\u00f3n, revisi\u00f3n o mitificaci\u00f3n de figuras hist\u00f3ricas.<\/li>\n\n\n\n<li>An\u00e1lisis de series hist\u00f3ricas y de \u00e9poca como espacios de reinterpretaci\u00f3n del pasado en el ecosistema de plataformas digitales.<\/li>\n\n\n\n<li>Investigaciones sobre la relaci\u00f3n entre memoria, identidad y producci\u00f3n audiovisual en contextos nacionales o transnacionales.<\/li>\n\n\n\n<li>Trabajos que aborden la tensi\u00f3n entre rigor hist\u00f3rico y narraci\u00f3n ficcional en cine y televisi\u00f3n.<\/li>\n\n\n\n<li>El uso de la Historia como arco o marco est\u00e9tico para la construcci\u00f3n de po\u00e9ticas y narrativas en el cine y la ficci\u00f3n seriada.<\/li>\n<\/ul>\n\n\n\n<p><\/p>\n","protected":false},"excerpt":{"rendered":"<p>Coordinaci\u00f3n: N\u00e9stor Mu\u00f1oz Torrecilla (Universidad Complutense de Madrid) Resumen: Esta mesa propone un espacio de reflexi\u00f3n interdisciplinar sobre la creciente presencia de&hellip; <\/p>\n","protected":false},"author":1,"featured_media":1021,"parent":828,"menu_order":0,"comment_status":"open","ping_status":"closed","template":"","meta":{"footnotes":""},"class_list":["post-1020","page","type-page","status-publish","has-post-thumbnail","hentry"],"_links":{"self":[{"href":"https:\/\/ashiscom.org\/congreso-jovenes\/wp-json\/wp\/v2\/pages\/1020","targetHints":{"allow":["GET"]}}],"collection":[{"href":"https:\/\/ashiscom.org\/congreso-jovenes\/wp-json\/wp\/v2\/pages"}],"about":[{"href":"https:\/\/ashiscom.org\/congreso-jovenes\/wp-json\/wp\/v2\/types\/page"}],"author":[{"embeddable":true,"href":"https:\/\/ashiscom.org\/congreso-jovenes\/wp-json\/wp\/v2\/users\/1"}],"replies":[{"embeddable":true,"href":"https:\/\/ashiscom.org\/congreso-jovenes\/wp-json\/wp\/v2\/comments?post=1020"}],"version-history":[{"count":2,"href":"https:\/\/ashiscom.org\/congreso-jovenes\/wp-json\/wp\/v2\/pages\/1020\/revisions"}],"predecessor-version":[{"id":1026,"href":"https:\/\/ashiscom.org\/congreso-jovenes\/wp-json\/wp\/v2\/pages\/1020\/revisions\/1026"}],"up":[{"embeddable":true,"href":"https:\/\/ashiscom.org\/congreso-jovenes\/wp-json\/wp\/v2\/pages\/828"}],"wp:featuredmedia":[{"embeddable":true,"href":"https:\/\/ashiscom.org\/congreso-jovenes\/wp-json\/wp\/v2\/media\/1021"}],"wp:attachment":[{"href":"https:\/\/ashiscom.org\/congreso-jovenes\/wp-json\/wp\/v2\/media?parent=1020"}],"curies":[{"name":"wp","href":"https:\/\/api.w.org\/{rel}","templated":true}]}}