{"id":1027,"date":"2026-03-06T11:57:04","date_gmt":"2026-03-06T10:57:04","guid":{"rendered":"https:\/\/ashiscom.org\/congreso-jovenes\/?page_id=1027"},"modified":"2026-03-06T11:59:32","modified_gmt":"2026-03-06T10:59:32","slug":"nadie-tenia-que-hacerles-pensar-la-clase-trabajadora-popular-y-la-prensa-del-movimiento-obrero","status":"publish","type":"page","link":"https:\/\/ashiscom.org\/congreso-jovenes\/mesas-del-congreso\/nadie-tenia-que-hacerles-pensar-la-clase-trabajadora-popular-y-la-prensa-del-movimiento-obrero\/","title":{"rendered":"Nadie ten\u00eda que \u201chacerles pensar\u201d: la clase trabajadora popular y la prensa del movimiento obrero"},"content":{"rendered":"\n<p><strong>Coordinaci\u00f3n:<\/strong><\/p>\n\n\n\n<p><strong>Gontzal Tom\u00e1s P\u00e9rez<\/strong> (Euskal Herriko Unibertsitatea\/Universidad del Pa\u00eds Vasco) y <strong>Juan-Miguel Arranz<\/strong> (Universidad de Salamanca).<\/p>\n\n\n\n<p><strong>Resumen:<\/strong><\/p>\n\n\n\n<p>La prensa desempe\u00f1\u00f3 un papel determinante en la articulaci\u00f3n de comunidades pol\u00edticas diversas. Anderson se\u00f1al\u00f3 la importancia radical del \u201ccapitalismo impreso\u201d en la expansi\u00f3n del nacionalismo; otro tanto ocurri\u00f3 con el obrerismo en general y el movimiento obrero organizado concretamente, siendo la prensa y la public\u00edstica impresa vectores claves de su expansi\u00f3n. All\u00e1 donde los trabajadores organizados iniciaron sus actividades propagand\u00edsticas, la fundaci\u00f3n de publicaciones regulares -supeditada a la viabilidad econ\u00f3mica- fue prioritaria. Esa influencia que la prensa jug\u00f3 en la construcci\u00f3n de comunidades pol\u00edticas obreras es sobradamente conocida, ya fuera en la aculturaci\u00f3n de importantes sustratos popular-obreros o m\u00e1s limitadamente.<\/p>\n\n\n\n<p>Esta mesa no pretende analizar las formulaciones te\u00f3ricas o las propuestas organizativas de las \u00e9lites pol\u00edticas o los funcionarios sindicales. En cambio, se busca atraer investigaciones protagonizadas, en el ecosistema de la prensa obrerista, por el elemento popular -asociado o no asociado-. Por este se entiende, en t\u00e9rminos sociales, cualquier trabajador no consolidado en estructuras org\u00e1nicas, y, respecto a la redacci\u00f3n, siguiendo a Martyn Lyons, que careciera de v\u00ednculo escriturario regular tras la escolarizaci\u00f3n.<\/p>\n\n\n\n<p>Las diferentes cabeceras ofrecieron espacios de participaci\u00f3n -cartas al director, corresponsal\u00edas locales o comunicaciones de gacetilleros ocasionales- que generaron una pl\u00e9yade de testimonios de la subjetividad popular, tambi\u00e9n plasmada ocasionalmente, respecto a la politizaci\u00f3n mediante la prensa, en fuentes como autobiograf\u00edas obreras. Testimonios tales permiten rastrear no solo las preocupaciones materiales obreras, sino tambi\u00e9n sus procesos de politizaci\u00f3n, su vida cotidiana, su recepci\u00f3n e interpretaci\u00f3n genuina de las ideas societarias, e incluso su contribuci\u00f3n a la elaboraci\u00f3n de aquellas. Igualmente, permiten vislumbrar las diferencias, hibridaciones, asimilaciones o rechazos entre la cultura obrera propuesta por las organizaciones y la cultura popular, de la cual aquella pretend\u00eda diferenciarse como superior.<\/p>\n\n\n\n<p>La mesa queda abierta a propuestas que abarquen toda la contemporaneidad, as\u00ed como a diferentes \u00e1mbitos geogr\u00e1ficos.<\/p>\n\n\n\n<p><strong>L\u00edneas de aceptaci\u00f3n de comunicaciones:<\/strong><\/p>\n\n\n\n<ul class=\"wp-block-list\">\n<li>Periodismo ejercido por obreros no burocratizados en la prensa del movimiento obrero en toda su extensi\u00f3n, incluido el \u201camarillo\u201d.<\/li>\n\n\n\n<li>Caricatura, fotograf\u00eda y otros tipos de material gr\u00e1fico de autor\u00eda obrera popular en esa prensa.<\/li>\n\n\n\n<li>Otras formas de agencia popular expl\u00edcita en o sobre las publicaciones del movimiento obrero.<\/li>\n\n\n\n<li>Reflexiones sobre la distinci\u00f3n entre prensa obrera y del movimiento obrero, y su repercusi\u00f3n en las organizaciones.<\/li>\n\n\n\n<li>Presencia e interacci\u00f3n de la cultura obrera y la cultura popular en los estratos populares del movimiento obrero, a trav\u00e9s de su prensa.<\/li>\n<\/ul>\n","protected":false},"excerpt":{"rendered":"<p>Coordinaci\u00f3n: Gontzal Tom\u00e1s P\u00e9rez (Euskal Herriko Unibertsitatea\/Universidad del Pa\u00eds Vasco) y Juan-Miguel Arranz (Universidad de Salamanca). Resumen: La prensa desempe\u00f1\u00f3 un papel&hellip; <\/p>\n","protected":false},"author":1,"featured_media":1029,"parent":828,"menu_order":0,"comment_status":"open","ping_status":"closed","template":"","meta":{"footnotes":""},"class_list":["post-1027","page","type-page","status-publish","has-post-thumbnail","hentry"],"_links":{"self":[{"href":"https:\/\/ashiscom.org\/congreso-jovenes\/wp-json\/wp\/v2\/pages\/1027","targetHints":{"allow":["GET"]}}],"collection":[{"href":"https:\/\/ashiscom.org\/congreso-jovenes\/wp-json\/wp\/v2\/pages"}],"about":[{"href":"https:\/\/ashiscom.org\/congreso-jovenes\/wp-json\/wp\/v2\/types\/page"}],"author":[{"embeddable":true,"href":"https:\/\/ashiscom.org\/congreso-jovenes\/wp-json\/wp\/v2\/users\/1"}],"replies":[{"embeddable":true,"href":"https:\/\/ashiscom.org\/congreso-jovenes\/wp-json\/wp\/v2\/comments?post=1027"}],"version-history":[{"count":1,"href":"https:\/\/ashiscom.org\/congreso-jovenes\/wp-json\/wp\/v2\/pages\/1027\/revisions"}],"predecessor-version":[{"id":1028,"href":"https:\/\/ashiscom.org\/congreso-jovenes\/wp-json\/wp\/v2\/pages\/1027\/revisions\/1028"}],"up":[{"embeddable":true,"href":"https:\/\/ashiscom.org\/congreso-jovenes\/wp-json\/wp\/v2\/pages\/828"}],"wp:featuredmedia":[{"embeddable":true,"href":"https:\/\/ashiscom.org\/congreso-jovenes\/wp-json\/wp\/v2\/media\/1029"}],"wp:attachment":[{"href":"https:\/\/ashiscom.org\/congreso-jovenes\/wp-json\/wp\/v2\/media?parent=1027"}],"curies":[{"name":"wp","href":"https:\/\/api.w.org\/{rel}","templated":true}]}}