{"id":1056,"date":"2026-03-11T21:37:06","date_gmt":"2026-03-11T20:37:06","guid":{"rendered":"https:\/\/ashiscom.org\/congreso-jovenes\/?page_id=1056"},"modified":"2026-03-11T21:37:06","modified_gmt":"2026-03-11T20:37:06","slug":"en-el-principio-ya-existia-la-palabra-la-historia-de-la-adaptacion-comunicativa-de-la-iglesia-catolica","status":"publish","type":"page","link":"https:\/\/ashiscom.org\/congreso-jovenes\/mesas-del-congreso\/en-el-principio-ya-existia-la-palabra-la-historia-de-la-adaptacion-comunicativa-de-la-iglesia-catolica\/","title":{"rendered":"En el principio ya exist\u00eda la Palabra: La historia de la adaptaci\u00f3n comunicativa de la Iglesia Cat\u00f3lica"},"content":{"rendered":"\n<p><strong>Coordinaci\u00f3n<\/strong>: <strong>Pablo S\u00e1iz-Escobar<\/strong> (Universidad Complutense de Madrid) y <strong>Miguel Madurga Morillo <\/strong>(Universidad Complutense de Madrid)<\/p>\n\n\n\n<p><strong>Resumen:<\/strong><\/p>\n\n\n\n<p>Esta mesa propone analizar la evoluci\u00f3n hist\u00f3rica de la comunicaci\u00f3n de la Iglesia Cat\u00f3lica, desde sus primeras formas de transmisi\u00f3n de mensajes hasta la incorporaci\u00f3n de tecnolog\u00edas digitales e inteligencia artificial en la actualidad. La Iglesia ha sido, hist\u00f3ricamente, una de las instituciones m\u00e1s relevantes en t\u00e9rminos comunicativos, desarrollando estrategias de propaganda, educaci\u00f3n y persuasi\u00f3n social que han influido en audiencias de todo el mundo. Partiendo de un enfoque hist\u00f3rico, la mesa abordar\u00e1 c\u00f3mo la instituci\u00f3n ha adaptado sus canales y contenidos frente a cambios tecnol\u00f3gicos y culturales, incluyendo el arte, la radio, la televisi\u00f3n, la prensa y las plataformas digitales.<br>Adem\u00e1s, se explorar\u00e1 el impacto de las nuevas tecnolog\u00edas emergentes, como la inteligencia artificial y los chatbots, en la comunicaci\u00f3n religiosa y en la interacci\u00f3n con los fieles, evaluando tanto oportunidades como riesgos \u00e9ticos y sociales. Se fomentar\u00e1 un di\u00e1logo interdisciplinar que combine perspectivas de historia de la comunicaci\u00f3n, periodismo, sociolog\u00eda, arte contempor\u00e1neo y estudios religiosos, con especial atenci\u00f3n a la propagaci\u00f3n de mensajes, la influencia pol\u00edtica y la transformaci\u00f3n de audiencias en contextos hist\u00f3ricos y contempor\u00e1neos.<\/p>\n\n\n\n<p>Asimismo, la mesa est\u00e1 abierta a propuestas que analicen otras dimensiones de la comunicaci\u00f3n religiosa, como la cultura visual, la propaganda institucional, la comunicaci\u00f3n pol\u00edtica y la representaci\u00f3n medi\u00e1tica de la religi\u00f3n o las estrategias comunicativas de otras confesiones religiosas en perspectiva hist\u00f3rica o comparada.<br>El objetivo principal es generar un espacio de discusi\u00f3n que conecte la tradici\u00f3n hist\u00f3rica de la comunicaci\u00f3n religiosa con los desaf\u00edos actuales de la digitalizaci\u00f3n y la IA, aportando an\u00e1lisis cr\u00edticos y metodolog\u00edas innovadoras para comprender la continuidad y adaptaci\u00f3n de la Iglesia como actor medi\u00e1tico.<\/p>\n\n\n\n<p><strong>L\u00edneas de aceptaci\u00f3n de comunicaciones:<\/strong><\/p>\n\n\n\n<ul class=\"wp-block-list\">\n<li><strong>Historia comparada de los medios y sistemas comunicativos en el \u00e1mbito religioso<\/strong>. \u2013 para analizar los primeros canales de comunicaci\u00f3n de la Iglesia y la propagaci\u00f3n visual y escrita de mensajes religiosos.<\/li>\n\n\n\n<li><strong>Historia de la radio y la televisi\u00f3n y su relaci\u00f3n con la comunicaci\u00f3n religiosa<\/strong> \u2013 para abordar c\u00f3mo la Iglesia se adapt\u00f3 a los medios de comunicaci\u00f3n masivos en el siglo XX.<\/li>\n\n\n\n<li><strong>Impacto social de la comunicaci\u00f3n religiosa<\/strong>\u2013 para estudiar la influencia de los mensajes eclesi\u00e1sticos en la sociedad y la cultura. La imagen devocional en el contexto popular.<\/li>\n\n\n\n<li><strong>Inteligencia artificial, comunicaci\u00f3n digital, neurocomunicaci\u00f3n y tecnolog\u00edas emergentes en la historia y evoluci\u00f3n de los procesos comunicativos<\/strong> \u2013 para vincular la historia con los retos actuales de digitalizaci\u00f3n e IA.<\/li>\n\n\n\n<li><strong>Historia de la desinformaci\u00f3n, los bulos y la propaganda en los medios de comunicaci\u00f3n en contextos religiosos o vinculados a instituciones eclesi\u00e1sticas<\/strong> \u2013 para analizar estrategias de persuasi\u00f3n, propaganda y control del discurso a lo largo del tiempo.<\/li>\n<\/ul>\n\n\n\n<p><\/p>\n","protected":false},"excerpt":{"rendered":"<p>Coordinaci\u00f3n: Pablo S\u00e1iz-Escobar (Universidad Complutense de Madrid) y Miguel Madurga Morillo (Universidad Complutense de Madrid) Resumen: Esta mesa propone analizar la evoluci\u00f3n&hellip; <\/p>\n","protected":false},"author":1,"featured_media":1057,"parent":828,"menu_order":0,"comment_status":"open","ping_status":"closed","template":"","meta":{"footnotes":""},"class_list":["post-1056","page","type-page","status-publish","has-post-thumbnail","hentry"],"_links":{"self":[{"href":"https:\/\/ashiscom.org\/congreso-jovenes\/wp-json\/wp\/v2\/pages\/1056","targetHints":{"allow":["GET"]}}],"collection":[{"href":"https:\/\/ashiscom.org\/congreso-jovenes\/wp-json\/wp\/v2\/pages"}],"about":[{"href":"https:\/\/ashiscom.org\/congreso-jovenes\/wp-json\/wp\/v2\/types\/page"}],"author":[{"embeddable":true,"href":"https:\/\/ashiscom.org\/congreso-jovenes\/wp-json\/wp\/v2\/users\/1"}],"replies":[{"embeddable":true,"href":"https:\/\/ashiscom.org\/congreso-jovenes\/wp-json\/wp\/v2\/comments?post=1056"}],"version-history":[{"count":1,"href":"https:\/\/ashiscom.org\/congreso-jovenes\/wp-json\/wp\/v2\/pages\/1056\/revisions"}],"predecessor-version":[{"id":1058,"href":"https:\/\/ashiscom.org\/congreso-jovenes\/wp-json\/wp\/v2\/pages\/1056\/revisions\/1058"}],"up":[{"embeddable":true,"href":"https:\/\/ashiscom.org\/congreso-jovenes\/wp-json\/wp\/v2\/pages\/828"}],"wp:featuredmedia":[{"embeddable":true,"href":"https:\/\/ashiscom.org\/congreso-jovenes\/wp-json\/wp\/v2\/media\/1057"}],"wp:attachment":[{"href":"https:\/\/ashiscom.org\/congreso-jovenes\/wp-json\/wp\/v2\/media?parent=1056"}],"curies":[{"name":"wp","href":"https:\/\/api.w.org\/{rel}","templated":true}]}}