{"id":1082,"date":"2026-03-27T15:54:17","date_gmt":"2026-03-27T14:54:17","guid":{"rendered":"https:\/\/ashiscom.org\/congreso-jovenes\/?page_id=1082"},"modified":"2026-04-21T08:15:11","modified_gmt":"2026-04-21T06:15:11","slug":"envia-tu-propuesta-de-comunicacion","status":"publish","type":"page","link":"https:\/\/ashiscom.org\/congreso-jovenes\/informacion_principal\/envia-tu-propuesta-de-comunicacion\/","title":{"rendered":"Env\u00eda tu propuesta de comunicaci\u00f3n"},"content":{"rendered":"\n<p class=\"has-white-color has-vivid-red-background-color has-text-color has-background has-link-color wp-elements-8baaed3c759183bfffd7ad48da15584d\">Ampliado el plazo de presentaci\u00f3n de propuestas de comunicaci\u00f3n hasta el <strong>31 de mayo de 2026<\/strong><\/p>\n\n\n\n<p>Tras el cierre de la convocatoria de propuestas de mesa, el <strong>II Congreso Internacional de J\u00f3venes Investigadores AsHisCom<\/strong> abre el plazo para el <strong>env\u00edo de propuestas de comunicaci\u00f3n<\/strong>.<\/p>\n\n\n\n<h2 class=\"wp-block-heading\">Env\u00edo de propuestas<\/h2>\n\n\n\n<p>Las propuestas de comunicaci\u00f3n deber\u00e1n incluir la siguiente informaci\u00f3n:<\/p>\n\n\n\n<ul class=\"wp-block-list\">\n<li><strong>T\u00edtulo <\/strong>de la comunicaci\u00f3n<\/li>\n\n\n\n<li><strong>Resumen: <\/strong>m\u00e1ximo 500 palabras<\/li>\n\n\n\n<li><strong>Keywords<\/strong>: Hasta 5 palabras clave<\/li>\n\n\n\n<li><strong>Autor\u00eda (de cada autor\/a):<\/strong>\n<ul class=\"wp-block-list\">\n<li>Nombre completo<\/li>\n\n\n\n<li>Adscripci\u00f3n institucional<\/li>\n\n\n\n<li>Correo electr\u00f3nico<\/li>\n\n\n\n<li>Categor\u00eda (doctorando\/a o doctor\/a reciente (\u22645 a\u00f1os))<\/li>\n<\/ul>\n<\/li>\n\n\n\n<li><strong>Mesa tem\u00e1tica<\/strong> a la que se adscribe la propuesta (ver listado inferior)<\/li>\n<\/ul>\n\n\n\n<p>Las propuestas podr\u00e1n presentarse con un m\u00e1ximo de <strong>tres autores\/as<\/strong>. En caso de coautor\u00eda, todas las personas firmantes deber\u00e1n formalizar la inscripci\u00f3n para poder presentar la comunicaci\u00f3n y recibir certificaci\u00f3n.<\/p>\n\n\n\n<p>Las propuestas de comunicaci\u00f3n deber\u00e1n vincularse a una de las siguientes mesas tem\u00e1ticas:<\/p>\n\n\n\n<h2 class=\"wp-block-heading\">Mesas del Congreso<\/h2>\n\n\n<ul class=\"wp-block-page-list\"><li class=\"wp-block-pages-list__item\"><a class=\"wp-block-pages-list__item__link\" href=\"https:\/\/ashiscom.org\/congreso-jovenes\/mesas-del-congreso\/la-reconstruccion-de-la-derecha-desde-los-extremos-el-mundo-editorial-de-la-extrema-derecha-y-el-conservadurismo-radical-durante-la-guerra-fria\/\">\u00abLa reconstrucci\u00f3n de la Derecha desde los extremos\u00bb. El mundo editorial de la Extrema Derecha y el conservadurismo radical durante la Guerra Fr\u00eda<\/a><\/li><li class=\"wp-block-pages-list__item\"><a class=\"wp-block-pages-list__item__link\" href=\"https:\/\/ashiscom.org\/congreso-jovenes\/mesas-del-congreso\/arqueologia-del-periodismo-digital-en-espana-1995-2025-tecnologias-audiencias-y-desinformacion\/\">Arqueolog\u00eda del periodismo digital en Espa\u00f1a (1995\u20132025): tecnolog\u00edas, audiencias y desinformaci\u00f3n<\/a><\/li><li class=\"wp-block-pages-list__item\"><a class=\"wp-block-pages-list__item__link\" href=\"https:\/\/ashiscom.org\/congreso-jovenes\/mesas-del-congreso\/bulos-y-censura-rumores-silencios-y-estrategias-de-control-en-la-historia-de-la-comunicacion\/\">Bulos y censura: rumores, silencios y estrategias de control en la Historia de la Comunicaci\u00f3n<\/a><\/li><li class=\"wp-block-pages-list__item\"><a class=\"wp-block-pages-list__item__link\" href=\"https:\/\/ashiscom.org\/congreso-jovenes\/mesas-del-congreso\/de-la-retaguardia-al-frente-usos-politicos-y-mediaticos-de-la-participacion-de-las-mujeres-en-contextos-belicos\/\">De la retaguardia al frente: usos pol\u00edticos y medi\u00e1ticos de la participaci\u00f3n de las mujeres en contextos b\u00e9licos<\/a><\/li><li class=\"wp-block-pages-list__item\"><a class=\"wp-block-pages-list__item__link\" href=\"https:\/\/ashiscom.org\/congreso-jovenes\/mesas-del-congreso\/dictaduras-y-totalitarismos-en-el-siglo-xx-el-papel-de-los-medios-entre-la-informacion-y-la-propaganda-radio-prensa-television-carteleria-y-noticiarios-cinematograficos\/\">Dictaduras y totalitarismos en el siglo XX: el papel de los medios entre la informaci\u00f3n y la propaganda (radio, prensa, televisi\u00f3n, carteler\u00eda y noticiarios cinematogr\u00e1ficos)<\/a><\/li><li class=\"wp-block-pages-list__item\"><a class=\"wp-block-pages-list__item__link\" href=\"https:\/\/ashiscom.org\/congreso-jovenes\/mesas-del-congreso\/el-periodismo-de-sucesos-como-cronica-social-de-su-epoca-nuevas-perspectivas-personajes-y-relatos\/\">El periodismo de sucesos como cr\u00f3nica social de su \u00e9poca: nuevas perspectivas, personajes y relatos<\/a><\/li><li class=\"wp-block-pages-list__item\"><a class=\"wp-block-pages-list__item__link\" href=\"https:\/\/ashiscom.org\/congreso-jovenes\/mesas-del-congreso\/en-el-principio-ya-existia-la-palabra-la-historia-de-la-adaptacion-comunicativa-de-la-iglesia-catolica\/\">En el principio ya exist\u00eda la Palabra: La historia de la adaptaci\u00f3n comunicativa de la Iglesia Cat\u00f3lica<\/a><\/li><li class=\"wp-block-pages-list__item\"><a class=\"wp-block-pages-list__item__link\" href=\"https:\/\/ashiscom.org\/congreso-jovenes\/mesas-del-congreso\/espejos-curvos-de-la-realidad-tres-siglos-de-periodismo-satirico-humorismo-grafico-y-propaganda-visual-s-xix-xxi\/\">Espejos curvos de la realidad. Tres siglos de periodismo sat\u00edrico, humorismo gr\u00e1fico y propaganda visual (s. XIX-XXI)<\/a><\/li><li class=\"wp-block-pages-list__item\"><a class=\"wp-block-pages-list__item__link\" href=\"https:\/\/ashiscom.org\/congreso-jovenes\/mesas-del-congreso\/fotografia-documental-archivo-silencios-y-memoria-critica\/\">Fotograf\u00eda documental: archivo, silencios y memoria cr\u00edtica<\/a><\/li><li class=\"wp-block-pages-list__item\"><a class=\"wp-block-pages-list__item__link\" href=\"https:\/\/ashiscom.org\/congreso-jovenes\/mesas-del-congreso\/historias-conectadas-la-voz-de-las-mujeres-en-la-profesion-periodistica\/\">Historias conectadas: la voz de las mujeres en la profesi\u00f3n period\u00edstica<\/a><\/li><li class=\"wp-block-pages-list__item\"><a class=\"wp-block-pages-list__item__link\" href=\"https:\/\/ashiscom.org\/congreso-jovenes\/mesas-del-congreso\/la-construccion-mediatica-de-la-masculinidad-y-feminidad-nacional-modelos-contramodelos-y-disputas-ss-xix-xxi\/\">La construcci\u00f3n medi\u00e1tica de la masculinidad y feminidad nacional: modelos, contramodelos y disputas (ss. XIX-XXI)<\/a><\/li><li class=\"wp-block-pages-list__item\"><a class=\"wp-block-pages-list__item__link\" href=\"https:\/\/ashiscom.org\/congreso-jovenes\/mesas-del-congreso\/mirando-la-tele-metodos-y-enfoques-en-el-analisis-de-formatos-de-no-ficcion\/\">Mirando la tele: m\u00e9todos y enfoques en el an\u00e1lisis de formatos de no ficci\u00f3n<\/a><\/li><li class=\"wp-block-pages-list__item\"><a class=\"wp-block-pages-list__item__link\" href=\"https:\/\/ashiscom.org\/congreso-jovenes\/mesas-del-congreso\/mirar-al-pasado-historia-y-audiovisual-en-la-era-de-la-revision-cultural\/\">Mirar al pasado: Historia y audiovisual en la era de la revisi\u00f3n cultural<\/a><\/li><li class=\"wp-block-pages-list__item\"><a class=\"wp-block-pages-list__item__link\" href=\"https:\/\/ashiscom.org\/congreso-jovenes\/mesas-del-congreso\/misoginia-online-y-resistencias-feministas-en-la-ultima-decada\/\">Misoginia online y resistencias feministas en la \u00faltima d\u00e9cada<\/a><\/li><li class=\"wp-block-pages-list__item\"><a class=\"wp-block-pages-list__item__link\" href=\"https:\/\/ashiscom.org\/congreso-jovenes\/mesas-del-congreso\/nadie-tenia-que-hacerles-pensar-la-clase-trabajadora-popular-y-la-prensa-del-movimiento-obrero\/\">Nadie ten\u00eda que \u201chacerles pensar\u201d: la clase trabajadora popular y la prensa del movimiento obrero<\/a><\/li><\/ul>\n\n\n<h2 class=\"wp-block-heading\">Formato y env\u00edo<\/h2>\n\n\n\n<p>Las propuestas deber\u00e1n remitirse:<\/p>\n\n\n\n<ul class=\"wp-block-list\">\n<li>En formato Word (.doc\/.docx) o PDF<\/li>\n\n\n\n<li>A trav\u00e9s del correo electr\u00f3nico oficial del congreso: <a href=\"mailto:congresojovenesinvestigadores@ashiscom.org\">congresojovenesinvestigadores@ashiscom.org<\/a><\/li>\n\n\n\n<li>En alguno de los siguientes idiomas: espa\u00f1ol, portugu\u00e9s o ingl\u00e9s<\/li>\n<\/ul>\n\n\n\n<h2 class=\"wp-block-heading\">Evaluaci\u00f3n<\/h2>\n\n\n\n<p>Todas las propuestas ser\u00e1n evaluadas por el Comit\u00e9 Cient\u00edfico del Congreso atendiendo a los siguientes criterios:<\/p>\n\n\n\n<ul class=\"wp-block-list\">\n<li>Originalidad y relevancia del tema<\/li>\n\n\n\n<li>Metodolog\u00eda propuesta<\/li>\n\n\n\n<li>Claridad en los objetivos y planteamiento de la investigaci\u00f3n<\/li>\n\n\n\n<li>Adecuaci\u00f3n a la mesa tem\u00e1tica seleccionada<\/li>\n\n\n\n<li>Contribuci\u00f3n al campo de la Historia de la Comunicaci\u00f3n<\/li>\n<\/ul>\n\n\n\n<h2 class=\"wp-block-heading\">Publicaci\u00f3n<\/h2>\n\n\n\n<p>Las propuestas aceptadas ser\u00e1n presentadas en el congreso y, posteriormente, remitidas a las revistas colaboradoras.<\/p>\n\n\n\n<p>Estas publicaciones realizar\u00e1n un proceso de evaluaci\u00f3n por pares ciegos y se pondr\u00e1n en contacto con los autores y autoras para solicitar la versi\u00f3n completa del trabajo tras la celebraci\u00f3n del congreso.<\/p>\n\n\n\n<h2 class=\"wp-block-heading\">Fechas clave<\/h2>\n\n\n\n<ul class=\"wp-block-list\">\n<li>Fecha l\u00edmite de env\u00edo de propuestas: <strong>31 de mayo de 2026<\/strong><\/li>\n\n\n\n<li>Notificaci\u00f3n de aceptaci\u00f3n: <strong>4 de junio de 2026<\/strong><\/li>\n\n\n\n<li>Fecha l\u00edmite de inscripci\u00f3n: <strong>10 de junio de 2026<\/strong><\/li>\n<\/ul>\n\n\n\n<figure class=\"wp-block-image size-large wp-duotone-grayscale\"><img loading=\"lazy\" decoding=\"async\" width=\"1024\" height=\"546\" src=\"https:\/\/ashiscom.org\/congreso-jovenes\/wp-content\/uploads\/2016\/08\/slider-image-2-1024x546.jpg\" alt=\"\" class=\"wp-image-290\" srcset=\"https:\/\/ashiscom.org\/congreso-jovenes\/wp-content\/uploads\/2016\/08\/slider-image-2-1024x546.jpg 1024w, https:\/\/ashiscom.org\/congreso-jovenes\/wp-content\/uploads\/2016\/08\/slider-image-2-300x160.jpg 300w, https:\/\/ashiscom.org\/congreso-jovenes\/wp-content\/uploads\/2016\/08\/slider-image-2-768x410.jpg 768w, https:\/\/ashiscom.org\/congreso-jovenes\/wp-content\/uploads\/2016\/08\/slider-image-2-1536x819.jpg 1536w, https:\/\/ashiscom.org\/congreso-jovenes\/wp-content\/uploads\/2016\/08\/slider-image-2.jpg 1920w\" sizes=\"auto, (max-width: 1024px) 100vw, 1024px\" \/><\/figure>\n\n\n\n<p><\/p>\n","protected":false},"excerpt":{"rendered":"<p>Ampliado el plazo de presentaci\u00f3n de propuestas de comunicaci\u00f3n hasta el 31 de mayo de 2026 Tras el cierre de la convocatoria&hellip; <\/p>\n","protected":false},"author":1,"featured_media":271,"parent":34,"menu_order":0,"comment_status":"closed","ping_status":"closed","template":"","meta":{"footnotes":""},"class_list":["post-1082","page","type-page","status-publish","has-post-thumbnail","hentry"],"_links":{"self":[{"href":"https:\/\/ashiscom.org\/congreso-jovenes\/wp-json\/wp\/v2\/pages\/1082","targetHints":{"allow":["GET"]}}],"collection":[{"href":"https:\/\/ashiscom.org\/congreso-jovenes\/wp-json\/wp\/v2\/pages"}],"about":[{"href":"https:\/\/ashiscom.org\/congreso-jovenes\/wp-json\/wp\/v2\/types\/page"}],"author":[{"embeddable":true,"href":"https:\/\/ashiscom.org\/congreso-jovenes\/wp-json\/wp\/v2\/users\/1"}],"replies":[{"embeddable":true,"href":"https:\/\/ashiscom.org\/congreso-jovenes\/wp-json\/wp\/v2\/comments?post=1082"}],"version-history":[{"count":5,"href":"https:\/\/ashiscom.org\/congreso-jovenes\/wp-json\/wp\/v2\/pages\/1082\/revisions"}],"predecessor-version":[{"id":1104,"href":"https:\/\/ashiscom.org\/congreso-jovenes\/wp-json\/wp\/v2\/pages\/1082\/revisions\/1104"}],"up":[{"embeddable":true,"href":"https:\/\/ashiscom.org\/congreso-jovenes\/wp-json\/wp\/v2\/pages\/34"}],"wp:featuredmedia":[{"embeddable":true,"href":"https:\/\/ashiscom.org\/congreso-jovenes\/wp-json\/wp\/v2\/media\/271"}],"wp:attachment":[{"href":"https:\/\/ashiscom.org\/congreso-jovenes\/wp-json\/wp\/v2\/media?parent=1082"}],"curies":[{"name":"wp","href":"https:\/\/api.w.org\/{rel}","templated":true}]}}