{"id":1105,"date":"2026-04-27T21:34:55","date_gmt":"2026-04-27T19:34:55","guid":{"rendered":"https:\/\/ashiscom.org\/congreso-jovenes\/?page_id=1105"},"modified":"2026-04-27T21:34:56","modified_gmt":"2026-04-27T19:34:56","slug":"relatos-persuasivos-publicidad-comunicacion-e-historia-en-la-construccion-de-imaginarios-sociales","status":"publish","type":"page","link":"https:\/\/ashiscom.org\/congreso-jovenes\/mesas-del-congreso\/relatos-persuasivos-publicidad-comunicacion-e-historia-en-la-construccion-de-imaginarios-sociales\/","title":{"rendered":"Relatos persuasivos: Publicidad, comunicaci\u00f3n e historia en la construcci\u00f3n de imaginarios sociales"},"content":{"rendered":"\n<p><strong>Coordinaci\u00f3n<\/strong>: <strong>Alejandro Costa Escuredo<\/strong> (Universidad Complutense de Madrid) y <strong>Mari\u00f1a Go\u00f1i Aguilar<\/strong> (Universidad Complutense de Madrid)<\/p>\n\n\n\n<p><strong>Resumen: <\/strong><\/p>\n\n\n\n<p>La publicidad se ha definido como herramienta cultural en la configuraci\u00f3n de imaginarios comunes y valores colectivos. Desde los primeros anuncios impresos hasta las actuales estrategias digitales, los discursos publicitarios han contribuido a definir identidades y estilos de vida, a la vez que han ayudado a fortalecer las estructuras de poder dominantes considerando el contexto econ\u00f3mico.<\/p>\n\n\n\n<p>El an\u00e1lisis hist\u00f3rico de la publicidad permite comprender c\u00f3mo los mensajes persuasivos han evolucionado en relaci\u00f3n con los cambios sociales y pol\u00edticos. En l\u00ednea con lo anterior, se propone la creaci\u00f3n de una mesa cuyo objetivo general sea analizar las sinergias entre publicidad, periodismo e historia desde una perspectiva cr\u00edtica. Se valorar\u00e1n comunicaciones cient\u00edficas que aborden el estudio hist\u00f3rico de campa\u00f1as, discursos, agencias, profesionales o formatos publicitarios, como la publicidad nativa, adem\u00e1s de investigaciones centradas en el impacto sociocultural de la publicidad en diferentes \u00e9pocas y lugares.<\/p>\n\n\n\n<p>Con esta propuesta, se busca no solo contribuir a la exposici\u00f3n cronol\u00f3gica del sector publicitario en medios de comunicaci\u00f3n, sino tambi\u00e9n fomentar enfoques anal\u00edticos que permitan comprender su encaje dentro de formatos comunicativos\/period\u00edsticos h\u00edbridos desde la buena praxis. La mesa se plantea como un espacio de reflexi\u00f3n cient\u00edfica especialmente orientado a j\u00f3venes investigadores\/as interesados\/as en el estudio cr\u00edtico de la publicidad desde una perspectiva hist\u00f3rica.<\/p>\n\n\n\n<p><strong>L\u00edneas de aceptaci\u00f3n de comunicaciones:<\/strong><\/p>\n\n\n\n<ul class=\"wp-block-list\">\n<li>Historia de la publicidad y evoluci\u00f3n de sus formatos. Se valorar\u00e1n investigaciones centradas en el desarrollo hist\u00f3rico de la publicidad, desde los primeros soportes impresos hasta las campa\u00f1as digitales contempor\u00e1neas, incluyendo cambios en lenguajes, estrategias y medios.<\/li>\n\n\n\n<li>Discursos publicitarios y construcci\u00f3n de imaginarios sociales. Comunicaciones que analicen c\u00f3mo la publicidad ha contribuido a la construcci\u00f3n de identidades (g\u00e9nero, clase, naci\u00f3n\u2026), estilos de vida y valores culturales.<\/li>\n\n\n\n<li>Publicidad, ideolog\u00eda y poder. Esta l\u00ednea acoge estudios que aborden el papel de la publicidad en contextos pol\u00edticos espec\u00edficos (propaganda, reg\u00edmenes autoritarios, transiciones democr\u00e1ticas), as\u00ed como su relaci\u00f3n con estructuras de poder econ\u00f3mico y cultural.<\/li>\n\n\n\n<li>Profesionales, agencias y cultura publicitaria. Investigaciones centradas en trayectorias profesionales, procesos creativos o la institucionalizaci\u00f3n del sector publicitario desde una perspectiva hist\u00f3rica.<\/li>\n<\/ul>\n","protected":false},"excerpt":{"rendered":"<p>Coordinaci\u00f3n: Alejandro Costa Escuredo (Universidad Complutense de Madrid) y Mari\u00f1a Go\u00f1i Aguilar (Universidad Complutense de Madrid) Resumen: La publicidad se ha definido&hellip; <\/p>\n","protected":false},"author":1,"featured_media":1106,"parent":828,"menu_order":0,"comment_status":"open","ping_status":"closed","template":"","meta":{"footnotes":""},"class_list":["post-1105","page","type-page","status-publish","has-post-thumbnail","hentry"],"_links":{"self":[{"href":"https:\/\/ashiscom.org\/congreso-jovenes\/wp-json\/wp\/v2\/pages\/1105","targetHints":{"allow":["GET"]}}],"collection":[{"href":"https:\/\/ashiscom.org\/congreso-jovenes\/wp-json\/wp\/v2\/pages"}],"about":[{"href":"https:\/\/ashiscom.org\/congreso-jovenes\/wp-json\/wp\/v2\/types\/page"}],"author":[{"embeddable":true,"href":"https:\/\/ashiscom.org\/congreso-jovenes\/wp-json\/wp\/v2\/users\/1"}],"replies":[{"embeddable":true,"href":"https:\/\/ashiscom.org\/congreso-jovenes\/wp-json\/wp\/v2\/comments?post=1105"}],"version-history":[{"count":1,"href":"https:\/\/ashiscom.org\/congreso-jovenes\/wp-json\/wp\/v2\/pages\/1105\/revisions"}],"predecessor-version":[{"id":1107,"href":"https:\/\/ashiscom.org\/congreso-jovenes\/wp-json\/wp\/v2\/pages\/1105\/revisions\/1107"}],"up":[{"embeddable":true,"href":"https:\/\/ashiscom.org\/congreso-jovenes\/wp-json\/wp\/v2\/pages\/828"}],"wp:featuredmedia":[{"embeddable":true,"href":"https:\/\/ashiscom.org\/congreso-jovenes\/wp-json\/wp\/v2\/media\/1106"}],"wp:attachment":[{"href":"https:\/\/ashiscom.org\/congreso-jovenes\/wp-json\/wp\/v2\/media?parent=1105"}],"curies":[{"name":"wp","href":"https:\/\/api.w.org\/{rel}","templated":true}]}}