{"id":21,"date":"2016-08-08T15:46:12","date_gmt":"2016-08-08T15:46:12","guid":{"rendered":"http:\/\/localhost\/wordpress\/event\/?page_id=21"},"modified":"2026-02-25T11:58:01","modified_gmt":"2026-02-25T10:58:01","slug":"presentacion_del_congreso","status":"publish","type":"page","link":"https:\/\/ashiscom.org\/congreso-jovenes\/informacion_principal\/presentacion_del_congreso\/","title":{"rendered":"Presentaci\u00f3n del II Congreso"},"content":{"rendered":"\n<div class=\"wp-block-columns is-layout-flex wp-container-core-columns-is-layout-9d6595d7 wp-block-columns-is-layout-flex\">\n<div class=\"wp-block-column is-layout-flow wp-block-column-is-layout-flow\" style=\"flex-basis:100%\">\n<div class=\"wp-block-columns is-layout-flex wp-container-core-columns-is-layout-9d6595d7 wp-block-columns-is-layout-flex\">\n<div class=\"wp-block-column is-layout-flow wp-block-column-is-layout-flow\">\n<p>La&nbsp;<strong>Asociaci\u00f3n de Historiadores de la Comunicaci\u00f3n (AsHisCom)<\/strong>&nbsp;tiene entre sus fines fundacionales contribuir al conocimiento riguroso de la&nbsp;<strong>Historia de la Comunicaci\u00f3n<\/strong>, promover el intercambio entre investigadores e instituciones dedicadas a su estudio y difundir los resultados de las investigaciones desarrolladas en este \u00e1mbito.<\/p>\n\n\n\n<p>Este objetivo cobra un sentido especial cuando se sit\u00faa en los&nbsp;<strong>primeros tramos de la carrera investigadora<\/strong>, favoreciendo que doctorandos y j\u00f3venes doctores dispongan de espacios propios de aprendizaje, debate, contraste metodol\u00f3gico y difusi\u00f3n cient\u00edfica. En este contexto, el Congreso de J\u00f3venes Investigadores AsHisCom se consolida como un foro estable para el an\u00e1lisis hist\u00f3rico de los medios, los discursos, las industrias culturales y los procesos comunicativos desde una perspectiva cr\u00edtica e interdisciplinar.<\/p>\n\n\n\n<p>Tras la experiencia de la primera edici\u00f3n, AsHisCom, en colaboraci\u00f3n con la\u00a0<strong>Universidad Complutense de Madrid<\/strong>, convoca el\u00a0<strong>II Congreso Internacional de J\u00f3venes Investigadores AsHisCom \u2013 UCM<\/strong>, que se celebrar\u00e1 en la\u00a0<strong>Facultad de Ciencias de la Informaci\u00f3n de la Universidad Complutense de Madrid<\/strong>\u00a0los d\u00edas\u00a0<strong>18 y 19 de junio de 2026<\/strong>.<\/p>\n<\/div>\n<\/div>\n\n\n\n<figure class=\"wp-block-image size-full wp-duotone-grayscale\"><img loading=\"lazy\" decoding=\"async\" width=\"800\" height=\"400\" src=\"https:\/\/ashiscom.org\/congreso-jovenes\/wp-content\/uploads\/2026\/02\/comunicacion-humana-5-e1589413973520.jpg\" alt=\"\" class=\"wp-image-383\" style=\"aspect-ratio:16\/9;object-fit:contain\" srcset=\"https:\/\/ashiscom.org\/congreso-jovenes\/wp-content\/uploads\/2026\/02\/comunicacion-humana-5-e1589413973520.jpg 800w, https:\/\/ashiscom.org\/congreso-jovenes\/wp-content\/uploads\/2026\/02\/comunicacion-humana-5-e1589413973520-300x150.jpg 300w, https:\/\/ashiscom.org\/congreso-jovenes\/wp-content\/uploads\/2026\/02\/comunicacion-humana-5-e1589413973520-768x384.jpg 768w\" sizes=\"auto, (max-width: 800px) 100vw, 800px\" \/><\/figure>\n<\/div>\n\n\n\n<div class=\"wp-block-column is-layout-flow wp-block-column-is-layout-flow\">\n<div class=\"wp-block-columns is-layout-flex wp-container-core-columns-is-layout-9d6595d7 wp-block-columns-is-layout-flex\">\n<div class=\"wp-block-column is-layout-flow wp-block-column-is-layout-flow\"><\/div>\n<\/div>\n<\/div>\n<\/div>\n","protected":false},"excerpt":{"rendered":"<p>La&nbsp;Asociaci\u00f3n de Historiadores de la Comunicaci\u00f3n (AsHisCom)&nbsp;tiene entre sus fines fundacionales contribuir al conocimiento riguroso de la&nbsp;Historia de la Comunicaci\u00f3n, promover el&hellip; <\/p>\n","protected":false},"author":1,"featured_media":272,"parent":34,"menu_order":0,"comment_status":"closed","ping_status":"closed","template":"","meta":{"footnotes":""},"class_list":["post-21","page","type-page","status-publish","has-post-thumbnail","hentry"],"_links":{"self":[{"href":"https:\/\/ashiscom.org\/congreso-jovenes\/wp-json\/wp\/v2\/pages\/21","targetHints":{"allow":["GET"]}}],"collection":[{"href":"https:\/\/ashiscom.org\/congreso-jovenes\/wp-json\/wp\/v2\/pages"}],"about":[{"href":"https:\/\/ashiscom.org\/congreso-jovenes\/wp-json\/wp\/v2\/types\/page"}],"author":[{"embeddable":true,"href":"https:\/\/ashiscom.org\/congreso-jovenes\/wp-json\/wp\/v2\/users\/1"}],"replies":[{"embeddable":true,"href":"https:\/\/ashiscom.org\/congreso-jovenes\/wp-json\/wp\/v2\/comments?post=21"}],"version-history":[{"count":13,"href":"https:\/\/ashiscom.org\/congreso-jovenes\/wp-json\/wp\/v2\/pages\/21\/revisions"}],"predecessor-version":[{"id":522,"href":"https:\/\/ashiscom.org\/congreso-jovenes\/wp-json\/wp\/v2\/pages\/21\/revisions\/522"}],"up":[{"embeddable":true,"href":"https:\/\/ashiscom.org\/congreso-jovenes\/wp-json\/wp\/v2\/pages\/34"}],"wp:featuredmedia":[{"embeddable":true,"href":"https:\/\/ashiscom.org\/congreso-jovenes\/wp-json\/wp\/v2\/media\/272"}],"wp:attachment":[{"href":"https:\/\/ashiscom.org\/congreso-jovenes\/wp-json\/wp\/v2\/media?parent=21"}],"curies":[{"name":"wp","href":"https:\/\/api.w.org\/{rel}","templated":true}]}}