{"id":3,"date":"2026-02-24T09:01:32","date_gmt":"2026-02-24T08:01:32","guid":{"rendered":"http:\/\/ashiscom.org\/congreso-jovenes\/?page_id=3"},"modified":"2026-02-25T05:35:20","modified_gmt":"2026-02-25T04:35:20","slug":"politica-privacidad","status":"publish","type":"page","link":"https:\/\/ashiscom.org\/congreso-jovenes\/politica-privacidad\/","title":{"rendered":"Pol\u00edtica de privacidad"},"content":{"rendered":"\n<p class=\"has-text-align-right\"><em>\u00daltima actualizaci\u00f3n: 25 de febrero de 2026<\/em><\/p>\n\n\n\n<p>En esta Pol\u00edtica de Privacidad se explica c\u00f3mo se recopilan, usan, conservan y, en su caso, comparten los datos personales de las personas usuarias que visitan y utilizan el sitio web accesible en <a href=\"https:\/\/ashiscom.org\/congreso-jovenes\">https:\/\/ashiscom.org\/congreso-jovenes<\/a> (en adelante, el \u201cSitio Web\u201d). Te recomendamos leerla con calma antes de utilizar el Sitio Web o facilitar informaci\u00f3n a trav\u00e9s de \u00e9l.<\/p>\n\n\n\n<h2 class=\"wp-block-heading\">Qui\u00e9nes somos<\/h2>\n\n\n\n<ol class=\"wp-block-list\"><\/ol>\n\n\n\n<p>La direcci\u00f3n de nuestro Sitio Web es: <a href=\"https:\/\/ashiscom.org\/congreso-jovenes\">https:\/\/ashiscom.org\/congreso-jovenes<\/a>.<\/p>\n\n\n\n<h2 class=\"wp-block-heading\">Qu\u00e9 datos recopilamos y con qu\u00e9 finalidad<\/h2>\n\n\n\n<ol start=\"2\" class=\"wp-block-list\"><\/ol>\n\n\n\n<p><strong>2.1. Comentarios<\/strong><br>Cuando los visitantes dejan comentarios en el Sitio Web, recopilamos los datos que se muestran en el formulario de comentarios, as\u00ed como la direcci\u00f3n IP del visitante y la cadena de agentes de usuario del navegador. Esto se hace con la finalidad de ayudar a la detecci\u00f3n de spam, prevenir abusos y reforzar la seguridad del Sitio Web.<\/p>\n\n\n\n<p>Adem\u00e1s, puede generarse una cadena an\u00f3nima (hash) a partir de tu direcci\u00f3n de correo electr\u00f3nico para comprobar si est\u00e1s utilizando el servicio Gravatar. La pol\u00edtica de privacidad de Gravatar est\u00e1 disponible en <a href=\"https:\/\/automattic.com\/privacy\/\">https:\/\/automattic.com\/privacy\/<\/a>. Una vez aprobado tu comentario, la imagen de tu perfil (si existe en Gravatar) puede ser visible p\u00fablicamente junto al comentario.<\/p>\n\n\n\n<p><strong>2.2. Medios (im\u00e1genes u otros archivos)<\/strong><br>Si subes im\u00e1genes al Sitio Web, debes evitar incluir datos de ubicaci\u00f3n (metadatos GPS EXIF). Otros visitantes podr\u00edan descargar las im\u00e1genes y extraer esa informaci\u00f3n de ubicaci\u00f3n si estuviera integrada en el archivo. La finalidad de este aviso es prevenir la publicaci\u00f3n involuntaria de datos sensibles o de localizaci\u00f3n.<\/p>\n\n\n\n<p><strong>2.3. Cookies<br><\/strong>El Sitio Web utiliza cookies para mejorar la experiencia de navegaci\u00f3n y habilitar funcionalidades b\u00e1sicas.<\/p>\n\n\n\n<ul class=\"wp-block-list\">\n<li><strong>a) Cookies relacionadas con comentarios<\/strong><br>Si dejas un comentario, puedes elegir guardar tu nombre, direcci\u00f3n de correo electr\u00f3nico y web en cookies. Esto es para tu comodidad, de modo que no tengas que volver a rellenar tus datos cuando vuelvas a comentar. Estas cookies tendr\u00e1n una duraci\u00f3n de un a\u00f1o.<\/li>\n\n\n\n<li><strong>b) Cookies de sesi\u00f3n y de acceso (usuarios con cuenta)<\/strong><br>Si tienes una cuenta y te conectas a este Sitio Web, se instalar\u00e1 una cookie temporal para determinar si tu navegador acepta cookies. Esta cookie no contiene datos personales y se elimina al cerrar el navegador.<br>Cuando accedes, se instalan varias cookies para guardar tu informaci\u00f3n de acceso y tus opciones de visualizaci\u00f3n de pantalla. Las cookies de acceso duran dos d\u00edas y las cookies de opciones de pantalla duran un a\u00f1o. Si seleccionas \u201cRecu\u00e9rdarme\u201d, tu sesi\u00f3n de acceso se mantendr\u00e1 durante dos semanas. Si cierras sesi\u00f3n, las cookies de acceso se eliminar\u00e1n.<\/li>\n\n\n\n<li><strong>c) Cookies por edici\u00f3n o publicaci\u00f3n de contenidos<\/strong><br>Si editas o publicas un art\u00edculo, se guardar\u00e1 una cookie adicional en tu navegador. Esta cookie no incluye datos personales y \u00fanicamente indica el ID del art\u00edculo que acabas de editar. Caduca despu\u00e9s de 1 d\u00eda.<\/li>\n<\/ul>\n\n\n\n<h2 class=\"wp-block-heading\">Contenido incrustado de otros sitios web<\/h2>\n\n\n\n<p>Los art\u00edculos o p\u00e1ginas de este Sitio Web pueden incluir contenido incrustado (por ejemplo, v\u00eddeos, im\u00e1genes, art\u00edculos u otros elementos). El contenido incrustado de otras webs se comporta exactamente igual que si el visitante hubiera visitado directamente la otra web.<\/p>\n\n\n\n<p>Estos sitios web de terceros pueden recopilar datos sobre ti, utilizar cookies, incorporar seguimiento adicional de terceros y supervisar tu interacci\u00f3n con ese contenido incrustado. Esto puede incluir el seguimiento de tu interacci\u00f3n si tienes una cuenta en ese servicio y est\u00e1s conectado\/a a \u00e9l. Te recomendamos consultar las pol\u00edticas de privacidad de esos terceros para entender qu\u00e9 datos recopilan y con qu\u00e9 finalidades.<\/p>\n\n\n\n<h2 class=\"wp-block-heading\">Con qui\u00e9n compartimos tus datos<\/h2>\n\n\n\n<p>Con car\u00e1cter general, no compartimos tus datos personales con terceros, salvo cuando sea necesario para prestar funcionalidades del Sitio Web o por obligaciones legales.<\/p>\n\n\n\n<p>Si solicitas un restablecimiento de contrase\u00f1a (en caso de que exista funcionalidad de cuenta de usuario), tu direcci\u00f3n IP podr\u00e1 incluirse en el correo electr\u00f3nico de restablecimiento, como medida de seguridad y trazabilidad del proceso.<\/p>\n\n\n\n<h2 class=\"wp-block-heading\">Cu\u00e1nto tiempo conservamos tus datos<\/h2>\n\n\n\n<p><strong>5.1. Comentarios<\/strong><br>Si dejas un comentario, el comentario y sus metadatos se conservan indefinidamente. Esto permite reconocer y aprobar comentarios sucesivos autom\u00e1ticamente, en lugar de mantenerlos en una cola de moderaci\u00f3n, y contribuye a la seguridad y control de abusos.<\/p>\n\n\n\n<p><strong>5.2. Usuarios registrados (si los hay)<br><\/strong>En caso de que existan usuarios registrados en el Sitio Web, almacenamos la informaci\u00f3n personal que proporcionen en su perfil de usuario. Las personas usuarias pueden ver, editar o eliminar su informaci\u00f3n personal en cualquier momento, con la excepci\u00f3n de que no podr\u00e1n cambiar su nombre de usuario. Las personas administradoras del Sitio Web tambi\u00e9n podr\u00e1n ver y editar esa informaci\u00f3n para gestionar la cuenta y el funcionamiento del Sitio Web.<\/p>\n\n\n\n<h2 class=\"wp-block-heading\">Qu\u00e9 derechos tienes sobre tus datos<\/h2>\n\n\n\n<p>Si tienes una cuenta en el Sitio Web o has dejado comentarios, puedes solicitar recibir un archivo de exportaci\u00f3n de los datos personales que conservamos sobre ti, incluidos los datos que nos hayas proporcionado.<\/p>\n\n\n\n<p>Tambi\u00e9n puedes solicitar la eliminaci\u00f3n de cualquier dato personal que tengamos sobre ti. Esta solicitud no incluye los datos que estemos obligados a conservar por motivos administrativos, legales o de seguridad.<\/p>\n\n\n\n<h2 class=\"wp-block-heading\">D\u00f3nde se env\u00edan tus datos<\/h2>\n\n\n\n<p>Los comentarios de los visitantes pueden ser revisados por un servicio de detecci\u00f3n autom\u00e1tica de spam, con la finalidad de prevenir contenido malicioso, abusivo o no deseado, y mejorar la seguridad del Sitio Web.<\/p>\n\n\n\n<h2 class=\"wp-block-heading\">Medidas de seguridad<\/h2>\n\n\n\n<p>Aplicamos medidas razonables para proteger la informaci\u00f3n del Sitio Web frente a accesos no autorizados, alteraci\u00f3n, divulgaci\u00f3n o destrucci\u00f3n. Aun as\u00ed, ning\u00fan sistema es completamente seguro, por lo que no puede garantizarse la seguridad absoluta de la informaci\u00f3n transmitida o almacenada.<\/p>\n\n\n\n<h2 class=\"wp-block-heading\">Cambios en esta Pol\u00edtica de Privacidad<\/h2>\n\n\n\n<p>Podremos actualizar esta Pol\u00edtica de Privacidad cuando sea necesario para reflejar cambios en el Sitio Web o en la normativa aplicable. En caso de cambios relevantes, se actualizar\u00e1 la fecha de \u201c\u00daltima actualizaci\u00f3n\u201d al inicio del documento.<\/p>\n\n\n\n<h2 class=\"wp-block-heading\">Contacto<\/h2>\n\n\n\n<p>Si tienes dudas o quieres ejercer tus derechos en materia de protecci\u00f3n de datos en relaci\u00f3n con este Sitio Web, puedes ponerte en contacto con la persona responsable del Sitio Web a trav\u00e9s de los canales de contacto que se publiquen en el propio Sitio Web.<\/p>\n\n\n\n<p>La direcci\u00f3n de nuestra web es: <a href=\"https:\/\/ashiscom.org\/congreso-jovenes\">https:\/\/ashiscom.org\/congreso-jovenes<\/a> y el correo electr\u00f3nico es <a href=\"mailto:congresojovenesinvestigadores@ashiscom.org\">congresojovenesinvestigadores@ashiscom.org<\/a><\/p>\n\n\n\n<p><\/p>\n","protected":false},"excerpt":{"rendered":"<p>\u00daltima actualizaci\u00f3n: 25 de febrero de 2026 En esta Pol\u00edtica de Privacidad se explica c\u00f3mo se recopilan, usan, conservan y, en su&hellip; <\/p>\n","protected":false},"author":1,"featured_media":386,"parent":0,"menu_order":0,"comment_status":"closed","ping_status":"open","template":"","meta":{"footnotes":""},"class_list":["post-3","page","type-page","status-publish","has-post-thumbnail","hentry"],"_links":{"self":[{"href":"https:\/\/ashiscom.org\/congreso-jovenes\/wp-json\/wp\/v2\/pages\/3","targetHints":{"allow":["GET"]}}],"collection":[{"href":"https:\/\/ashiscom.org\/congreso-jovenes\/wp-json\/wp\/v2\/pages"}],"about":[{"href":"https:\/\/ashiscom.org\/congreso-jovenes\/wp-json\/wp\/v2\/types\/page"}],"author":[{"embeddable":true,"href":"https:\/\/ashiscom.org\/congreso-jovenes\/wp-json\/wp\/v2\/users\/1"}],"replies":[{"embeddable":true,"href":"https:\/\/ashiscom.org\/congreso-jovenes\/wp-json\/wp\/v2\/comments?post=3"}],"version-history":[{"count":1,"href":"https:\/\/ashiscom.org\/congreso-jovenes\/wp-json\/wp\/v2\/pages\/3\/revisions"}],"predecessor-version":[{"id":387,"href":"https:\/\/ashiscom.org\/congreso-jovenes\/wp-json\/wp\/v2\/pages\/3\/revisions\/387"}],"wp:featuredmedia":[{"embeddable":true,"href":"https:\/\/ashiscom.org\/congreso-jovenes\/wp-json\/wp\/v2\/media\/386"}],"wp:attachment":[{"href":"https:\/\/ashiscom.org\/congreso-jovenes\/wp-json\/wp\/v2\/media?parent=3"}],"curies":[{"name":"wp","href":"https:\/\/api.w.org\/{rel}","templated":true}]}}