{"id":30,"date":"2016-08-08T15:47:00","date_gmt":"2016-08-08T15:47:00","guid":{"rendered":"http:\/\/localhost\/wordpress\/event\/?page_id=30"},"modified":"2026-03-27T16:39:23","modified_gmt":"2026-03-27T15:39:23","slug":"llamada_para_propuestas","status":"publish","type":"page","link":"https:\/\/ashiscom.org\/congreso-jovenes\/informacion_principal\/llamada_para_propuestas\/","title":{"rendered":"Propuestas de mesas"},"content":{"rendered":"\n<p class=\"has-text-align-center has-white-color has-vivid-red-background-color has-text-color has-background has-link-color wp-elements-4878c7a17647a8c851cae6c6bde15125\">El plazo para el env\u00edo de propuestas de mesa <strong>finaliz\u00f3 <\/strong>el pasado <strong>20 de marzo de 2026<\/strong> <br> Ampliada la fecha l\u00edmite para el <a href=\"https:\/\/ashiscom.org\/congreso-jovenes\/informacion_principal\/envia-tu-propuesta-de-comunicacion\/\">env\u00edo de ponencias hasta el <strong>20 de abril de 2026<\/strong><\/a><\/p>\n\n\n\n<div class=\"wp-block-columns is-layout-flex wp-container-core-columns-is-layout-9d6595d7 wp-block-columns-is-layout-flex\">\n<div class=\"wp-block-column is-layout-flow wp-block-column-is-layout-flow\" style=\"flex-basis:100%\">\n<p>El Congreso invita a la presentaci\u00f3n de <strong>propuestas de mesas de comunicaci\u00f3n<\/strong> vinculadas a la <strong>Investigaci\u00f3n en Historia de la Comunicaci\u00f3n<\/strong>. Sin \u00e1nimo excluyente y desde una perspectiva abierta e interdisciplinar, se proponen como l\u00edneas de inter\u00e9s, entre otras, las siguientes:<\/p>\n<ul>\n<li>Historia de la prensa generalista, especializada y gr\u00e1fica.<\/li>\n<li>Historia de la radio y la televisi\u00f3n.<\/li>\n<li>Biograf\u00edas de periodistas, empresariado y actores relevantes de la comunicaci\u00f3n.<\/li>\n<li>Estructura empresarial de los medios de comunicaci\u00f3n e influencia pol\u00edtica.<\/li>\n<li>Historia medi\u00e1tica desde la perspectiva de g\u00e9nero.<\/li>\n<li>Historia de los medios digitales.<\/li>\n<li>Impacto social de la comunicaci\u00f3n.<\/li>\n<li>Historia comparada de los medios y sistemas comunicativos.<\/li>\n<\/ul>\n<p>A estas l\u00edneas se incorporan, con un <strong>enfoque hist\u00f3rico y contextual<\/strong>, las siguientes propuestas tem\u00e1ticas:<\/p>\n<ul>\n<li>Inteligencia artificial, neurocomunicaci\u00f3n y tecnolog\u00edas emergentes en la historia y evoluci\u00f3n de los procesos comunicativos.<\/li>\n<li>Narrativas audiovisuales, est\u00e9ticas contempor\u00e1neas y an\u00e1lisis f\u00edlmico y seriado, desde una perspectiva hist\u00f3rica y cultural.<\/li>\n<li>Comunicaci\u00f3n pol\u00edtica, institucional y de inter\u00e9s p\u00fablico en contextos hist\u00f3ricos de crisis y transformaci\u00f3n social.<\/li>\n<li>Publicidad, consumo y representaciones socioculturales en la evoluci\u00f3n del entorno digital.<\/li>\n<li>Arqueolog\u00eda del periodismo digital, con especial atenci\u00f3n a los treinta a\u00f1os del inicio del periodismo digital en Espa\u00f1a.<\/li>\n<li>Historia de la desinformaci\u00f3n, los bulos y la propaganda en los medios de comunicaci\u00f3n.<\/li>\n<li>Evoluci\u00f3n hist\u00f3rica de las estructuras medi\u00e1ticas y de las audiencias.<\/li>\n<li>Historia de la comunicaci\u00f3n corporativa, institucional y organizacional.<\/li>\n<\/ul>\n<p>El Congreso tendr\u00e1 car\u00e1cter <strong>presencial<\/strong> y contar\u00e1 con mesas de comunicaciones, ponencias marco y espacios de intercambio acad\u00e9mico orientados al di\u00e1logo entre j\u00f3venes investigadores.<\/p>\n<p>Por la naturaleza del encuentro, se aceptar\u00e1n \u00fanicamente trabajos presentados en <strong>espa\u00f1ol, portugu\u00e9s o ingl\u00e9s<\/strong>, firmados por <strong>doctorandos<\/strong> y por <strong>doctores recientes<\/strong>, siempre que no hayan transcurrido m\u00e1s de <strong>cinco a\u00f1os<\/strong> desde la defensa de la tesis doctoral hasta la fecha de celebraci\u00f3n del Congreso.<\/p>\n<p>Las <strong>propuestas de mesa de comunicaci\u00f3n<\/strong> deber\u00e1n enviarse en formato editable (.doc o .docx) a la direcci\u00f3n de correo electr\u00f3nico <a href=\"mailto:congresojovenesinvestigadores@ashiscom.org\"><strong>congresojovenesinvestigadores@ashiscom.org<\/strong><\/a> e incluir la siguiente informaci\u00f3n:<\/p>\n<ul>\n<li>Nombre de los coordinadores (m\u00e1ximo dos).<\/li>\n<li>Condici\u00f3n acad\u00e9mica (doctorando o doctor) y universidad de adscripci\u00f3n.<\/li>\n<li>T\u00edtulo de la mesa.<\/li>\n<li>Resumen de los objetivos generales (m\u00e1ximo 300 palabras).<\/li>\n<li>Hasta cinco l\u00edneas de aceptaci\u00f3n de comunicaciones.<\/li>\n<\/ul>\n<\/div>\n<\/div>\n\n\n\n<p><strong>Fechas clave:<\/strong><\/p>\n\n\n\n<ul class=\"wp-block-list\">\n<li class=\"has-black-color has-text-color has-link-color wp-elements-bc0a4d244acd0ef8c728d4cbe1432bea\">Plazo de env\u00edo de propuestas de mesas: <strong>20 de marzo de 2026<\/strong>.<\/li>\n\n\n\n<li>Plazo de env\u00edo de ponencias: <strong>20 de abril de 2026.<\/strong><\/li>\n\n\n\n<li>Celebraci\u00f3n del Congreso: <strong>18 y 19 de junio de 2026<\/strong>.<\/li>\n<\/ul>\n\n\n\n<p>Las comunicaciones aceptadas podr\u00e1n ser propuestas para su <strong>publicaci\u00f3n posterior<\/strong>, tras el correspondiente proceso de evaluaci\u00f3n, en un volumen colectivo de editorial indexada o en un monogr\u00e1fico de la <em>Revista Internacional de Historia de la Comunicaci\u00f3n<\/em> u otra revista cient\u00edfica af\u00edn.<\/p>\n\n\n\n<p>La coordinaci\u00f3n del <strong>II Congreso Internacional de J\u00f3venes Investigadores AsHisCom \u2013 UCM<\/strong> atender\u00e1 cualquier consulta a trav\u00e9s del correo electr\u00f3nico <a href=\"mailto:congresojovenesinvestigadores@ashiscom.org\" target=\"_blank\" rel=\"noreferrer noopener\">congresojovenesinvestigadores@ashiscom.org<\/a><\/p>\n\n\n\n<figure class=\"wp-block-image size-full wp-duotone-grayscale\"><img loading=\"lazy\" decoding=\"async\" width=\"800\" height=\"416\" src=\"https:\/\/ashiscom.org\/congreso-jovenes\/wp-content\/uploads\/2026\/02\/WhatsApp-Image-2023-06-03-at-19.47.32-1-1.jpeg\" alt=\"\" class=\"wp-image-517\" style=\"aspect-ratio:16\/9;object-fit:contain\" srcset=\"https:\/\/ashiscom.org\/congreso-jovenes\/wp-content\/uploads\/2026\/02\/WhatsApp-Image-2023-06-03-at-19.47.32-1-1.jpeg 800w, https:\/\/ashiscom.org\/congreso-jovenes\/wp-content\/uploads\/2026\/02\/WhatsApp-Image-2023-06-03-at-19.47.32-1-1-300x156.jpeg 300w, https:\/\/ashiscom.org\/congreso-jovenes\/wp-content\/uploads\/2026\/02\/WhatsApp-Image-2023-06-03-at-19.47.32-1-1-768x399.jpeg 768w\" sizes=\"auto, (max-width: 800px) 100vw, 800px\" \/><\/figure>\n","protected":false},"excerpt":{"rendered":"<p>El plazo para el env\u00edo de propuestas de mesa finaliz\u00f3 el pasado 20 de marzo de 2026 Ampliada la fecha l\u00edmite para&hellip; <\/p>\n","protected":false},"author":1,"featured_media":271,"parent":34,"menu_order":0,"comment_status":"closed","ping_status":"closed","template":"","meta":{"footnotes":""},"class_list":["post-30","page","type-page","status-publish","has-post-thumbnail","hentry"],"_links":{"self":[{"href":"https:\/\/ashiscom.org\/congreso-jovenes\/wp-json\/wp\/v2\/pages\/30","targetHints":{"allow":["GET"]}}],"collection":[{"href":"https:\/\/ashiscom.org\/congreso-jovenes\/wp-json\/wp\/v2\/pages"}],"about":[{"href":"https:\/\/ashiscom.org\/congreso-jovenes\/wp-json\/wp\/v2\/types\/page"}],"author":[{"embeddable":true,"href":"https:\/\/ashiscom.org\/congreso-jovenes\/wp-json\/wp\/v2\/users\/1"}],"replies":[{"embeddable":true,"href":"https:\/\/ashiscom.org\/congreso-jovenes\/wp-json\/wp\/v2\/comments?post=30"}],"version-history":[{"count":12,"href":"https:\/\/ashiscom.org\/congreso-jovenes\/wp-json\/wp\/v2\/pages\/30\/revisions"}],"predecessor-version":[{"id":1092,"href":"https:\/\/ashiscom.org\/congreso-jovenes\/wp-json\/wp\/v2\/pages\/30\/revisions\/1092"}],"up":[{"embeddable":true,"href":"https:\/\/ashiscom.org\/congreso-jovenes\/wp-json\/wp\/v2\/pages\/34"}],"wp:featuredmedia":[{"embeddable":true,"href":"https:\/\/ashiscom.org\/congreso-jovenes\/wp-json\/wp\/v2\/media\/271"}],"wp:attachment":[{"href":"https:\/\/ashiscom.org\/congreso-jovenes\/wp-json\/wp\/v2\/media?parent=30"}],"curies":[{"name":"wp","href":"https:\/\/api.w.org\/{rel}","templated":true}]}}