{"id":756,"date":"2026-02-26T20:32:32","date_gmt":"2026-02-26T19:32:32","guid":{"rendered":"https:\/\/ashiscom.org\/congreso-jovenes\/?page_id=756"},"modified":"2026-02-27T05:01:03","modified_gmt":"2026-02-27T04:01:03","slug":"david-varona-aramburu","status":"publish","type":"page","link":"https:\/\/ashiscom.org\/congreso-jovenes\/comite-direccion\/david-varona-aramburu\/","title":{"rendered":"David Varona Aramburu"},"content":{"rendered":"\n<div class=\"wp-block-media-text is-stacked-on-mobile is-vertically-aligned-top\"><figure class=\"wp-block-media-text__media\"><img loading=\"lazy\" decoding=\"async\" width=\"409\" height=\"409\" src=\"https:\/\/ashiscom.org\/congreso-jovenes\/wp-content\/uploads\/2026\/02\/David.jpg\" alt=\"\" class=\"wp-image-757 size-full\" srcset=\"https:\/\/ashiscom.org\/congreso-jovenes\/wp-content\/uploads\/2026\/02\/David.jpg 409w, https:\/\/ashiscom.org\/congreso-jovenes\/wp-content\/uploads\/2026\/02\/David-300x300.jpg 300w, https:\/\/ashiscom.org\/congreso-jovenes\/wp-content\/uploads\/2026\/02\/David-150x150.jpg 150w\" sizes=\"auto, (max-width: 409px) 100vw, 409px\" \/><\/figure><div class=\"wp-block-media-text__content\">\n<p>Doctor en Periodismo por la Universidad Complutense de Madrid con una tesis sobre el uso de las redes sociales por parte de los periodistas espa\u00f1oles. Licenciado en Periodismo por la Universidad Complutense, es tambi\u00e9n M\u00e1ster en Relaciones Internacionales por dicha universidad, adem\u00e1s de Experto en Comunicaci\u00f3n Cient\u00edfica por la Universidad Rey Juan Carlos de Madrid.<\/p>\n\n\n\n<p>Actualmente es profesor del departamento de Periodismo y Nuevos Medios de la Universidad Complutense de Madrid, donde imparte asignaturas como Informaci\u00f3n en Televisi\u00f3n, Medios Audiovisuales para la Educaci\u00f3n o Informaci\u00f3n Multimedia. <\/p>\n\n\n\n<p>Antes, ha sido profesor de Dise\u00f1o y Producci\u00f3n de Contenidos Digitales y de Periodismo Digital en la Universidad Loyola Andaluc\u00eda. Ha sido tambi\u00e9n docente de la Universidad Francisco de Vitoria, donde imparti\u00f3 Ciberperiodismo y Nuevos Productos Digitales y Comunicaci\u00f3n 2.0 para Dircom. Profesor de redes sociales en los m\u00e1steres de Realizaci\u00f3n, Radio y Reportaje Transmedia del Instituto de RTVE y las universidades Complutense y Carlos III de Madrid. Profesor de redes sociales (presencial y on line) del Instituto de RTVE. Ha sido tambi\u00e9n profesor de Community Management en el M\u00e1ster de M\u00e1rketing Digital de la escuela de Negocios Esden. <\/p>\n\n\n\n<p>En el \u00e1mbito de la empresa, ha sido redactor jefe de Proyectos de RTVE.es, donde tambi\u00e9n ejerci\u00f3 como redactor jefe de Participaci\u00f3n y Medios Sociales y como coordinador de Noticias. Anteriormente ha sido consultor de Nuevas Tecnolog\u00edas para la FAO en Espa\u00f1a y redactor jefe de Autopista Online, canal de Motor de Terra.es. Vinculado a Internet desde 1998, ha participado en proyectos digitales como Recol o P\u00fablico. Tambi\u00e9n ha colaborado con diversos medios de comunicaci\u00f3n, como El Mundo o la editorial Divulga.<\/p>\n<\/div><\/div>\n","protected":false},"excerpt":{"rendered":"<p>Doctor en Periodismo por la Universidad Complutense de Madrid con una tesis sobre el uso de las redes sociales por parte de&hellip; <\/p>\n","protected":false},"author":1,"featured_media":757,"parent":91,"menu_order":0,"comment_status":"closed","ping_status":"closed","template":"","meta":{"footnotes":""},"class_list":["post-756","page","type-page","status-publish","has-post-thumbnail","hentry"],"_links":{"self":[{"href":"https:\/\/ashiscom.org\/congreso-jovenes\/wp-json\/wp\/v2\/pages\/756","targetHints":{"allow":["GET"]}}],"collection":[{"href":"https:\/\/ashiscom.org\/congreso-jovenes\/wp-json\/wp\/v2\/pages"}],"about":[{"href":"https:\/\/ashiscom.org\/congreso-jovenes\/wp-json\/wp\/v2\/types\/page"}],"author":[{"embeddable":true,"href":"https:\/\/ashiscom.org\/congreso-jovenes\/wp-json\/wp\/v2\/users\/1"}],"replies":[{"embeddable":true,"href":"https:\/\/ashiscom.org\/congreso-jovenes\/wp-json\/wp\/v2\/comments?post=756"}],"version-history":[{"count":3,"href":"https:\/\/ashiscom.org\/congreso-jovenes\/wp-json\/wp\/v2\/pages\/756\/revisions"}],"predecessor-version":[{"id":816,"href":"https:\/\/ashiscom.org\/congreso-jovenes\/wp-json\/wp\/v2\/pages\/756\/revisions\/816"}],"up":[{"embeddable":true,"href":"https:\/\/ashiscom.org\/congreso-jovenes\/wp-json\/wp\/v2\/pages\/91"}],"wp:featuredmedia":[{"embeddable":true,"href":"https:\/\/ashiscom.org\/congreso-jovenes\/wp-json\/wp\/v2\/media\/757"}],"wp:attachment":[{"href":"https:\/\/ashiscom.org\/congreso-jovenes\/wp-json\/wp\/v2\/media?parent=756"}],"curies":[{"name":"wp","href":"https:\/\/api.w.org\/{rel}","templated":true}]}}