{"id":832,"date":"2026-02-27T05:26:58","date_gmt":"2026-02-27T04:26:58","guid":{"rendered":"https:\/\/ashiscom.org\/congreso-jovenes\/?page_id=832"},"modified":"2026-02-27T05:47:32","modified_gmt":"2026-02-27T04:47:32","slug":"historias-conectadas-la-voz-de-las-mujeres-en-la-profesion-periodistica","status":"publish","type":"page","link":"https:\/\/ashiscom.org\/congreso-jovenes\/mesas-del-congreso\/historias-conectadas-la-voz-de-las-mujeres-en-la-profesion-periodistica\/","title":{"rendered":"Historias conectadas: la voz de las mujeres en la profesi\u00f3n period\u00edstica"},"content":{"rendered":"\n<p><strong>Coordinaci\u00f3n<\/strong>: Carmen Mar\u00eda Navarro L\u00f3pez<br>Doctora en Periodismo por la Universidad Complutense de Madrid (UCM). <br>Profesora sustituta en la Universidad Complutense de Madrid y en la Universidad Carlos III de Madrid.<\/p>\n\n\n\n<p><strong>Resumen:<\/strong><\/p>\n\n\n\n<p>La posici\u00f3n marginal que hist\u00f3ricamente han ocupado las mujeres en la esfera de lo p\u00fablico ha sido un factor limitante para la visibilidad de estas, y de su legado, dentro de la profesi\u00f3n period\u00edstica. Aunque en los \u00faltimos a\u00f1os ha existido un mayor inter\u00e9s investigativo en la recuperaci\u00f3n de figuras femeninas tradicionalmente invisibilizadas, esta labor resulta insuficiente si no se acompa\u00f1a de una revisi\u00f3n cr\u00edtica de los marcos y contextos hist\u00f3ricos que han perpetuado esta exclusi\u00f3n.<\/p>\n\n\n\n<p>De acuerdo con ello, se promueve la creaci\u00f3n de una mesa cuyo objetivo general sea ahondar en el estudio hist\u00f3rico de la profesi\u00f3n period\u00edstica a trav\u00e9s de la perspectiva de g\u00e9nero. De forma espec\u00edfica, se valorar\u00e1n aportaciones cient\u00edficas centradas en la recuperaci\u00f3n de perfiles de periodistas (mujeres) que hayan contribuido notablemente al desarrollo de la profesi\u00f3n, bien desde medios de comunicaci\u00f3n tradicionales (agencias de noticias, prensa, radio y televisi\u00f3n) o bien desde medios digitales (blogs, redes sociales, podcasts etc.). Asimismo, en esta mesa tienen cabida estudios que incluyan un an\u00e1lisis cr\u00edtico del legado period\u00edstico de alguna de estas figuras.<\/p>\n\n\n\n<p>Con esta propuesta no solo se busca contribuir al estudio historiogr\u00e1fico de los medios de comunicaci\u00f3n sino ampliarlo a trav\u00e9s de miradas que enriquezcan el conjunto del relato hist\u00f3rico. En relaci\u00f3n con lo expuesto, esta mesa se plantea como una oportunidad para consolidar espacios acad\u00e9micos que promuevan \u2013 tambi\u00e9n entre los\/as m\u00e1s j\u00f3venes \u2013 investigaciones hist\u00f3ricas en las que se implemente la perspectiva de g\u00e9nero.<\/p>\n\n\n\n<p><strong>L\u00edneas de aceptaci\u00f3n de comunicaciones:<\/strong><\/p>\n\n\n\n<ul class=\"wp-block-list\">\n<li><strong>Estudios sobre trayectorias y perfiles invisibilizados. <\/strong>Se valorar\u00e1n estudios que rescaten archivos personales y\/o analicen el trabajo de mujeres periodistas que hayan trabajado en contextos locales, nacionales e internacionales. <\/li>\n\n\n\n<li><strong>Genealog\u00edas del periodismo racializado y decolonial<\/strong>. Comunicaciones centradas no solo en la labor profesional de las periodistas, sino en c\u00f3mo su identidad ha determinado el desarrollo de su trayectoria. Esta l\u00ednea acoge tambi\u00e9n propuestas de periodistas que hayan ejercido desde el exilio o que hayan informado sobre procesos migratorios y conflictos fronterizos.<\/li>\n\n\n\n<li><strong>Del panfleto al blog. <\/strong>Estudios que incluyan un an\u00e1lisis de contenido a partir de ejemplos que evidencien el uso de los medios como altavoz feminista. Desde el an\u00e1lisis de peri\u00f3dicos elaborados por las sufragistas hasta el activismo digital contempor\u00e1neo.<\/li>\n\n\n\n<li><strong>\u00bfQui\u00e9n ha tenido el poder de los medios?<\/strong> Esta l\u00ednea est\u00e1 abierta a estudios que incluyan an\u00e1lisis sobre la cultura organizacional de los medios de comunicaci\u00f3n desde una perspectiva hist\u00f3rica y de g\u00e9nero. Asimismo, en esta l\u00ednea se promueven investigaciones que aborden cuestiones como la sexualizaci\u00f3n de las profesionales de la comunicaci\u00f3n, factor clave en el estudio de medios de car\u00e1cter audiovisual.<\/li>\n<\/ul>\n","protected":false},"excerpt":{"rendered":"<p>Coordinaci\u00f3n: Carmen Mar\u00eda Navarro L\u00f3pezDoctora en Periodismo por la Universidad Complutense de Madrid (UCM). Profesora sustituta en la Universidad Complutense de Madrid&hellip; <\/p>\n","protected":false},"author":1,"featured_media":837,"parent":828,"menu_order":0,"comment_status":"open","ping_status":"closed","template":"","meta":{"footnotes":""},"class_list":["post-832","page","type-page","status-publish","has-post-thumbnail","hentry"],"_links":{"self":[{"href":"https:\/\/ashiscom.org\/congreso-jovenes\/wp-json\/wp\/v2\/pages\/832","targetHints":{"allow":["GET"]}}],"collection":[{"href":"https:\/\/ashiscom.org\/congreso-jovenes\/wp-json\/wp\/v2\/pages"}],"about":[{"href":"https:\/\/ashiscom.org\/congreso-jovenes\/wp-json\/wp\/v2\/types\/page"}],"author":[{"embeddable":true,"href":"https:\/\/ashiscom.org\/congreso-jovenes\/wp-json\/wp\/v2\/users\/1"}],"replies":[{"embeddable":true,"href":"https:\/\/ashiscom.org\/congreso-jovenes\/wp-json\/wp\/v2\/comments?post=832"}],"version-history":[{"count":5,"href":"https:\/\/ashiscom.org\/congreso-jovenes\/wp-json\/wp\/v2\/pages\/832\/revisions"}],"predecessor-version":[{"id":849,"href":"https:\/\/ashiscom.org\/congreso-jovenes\/wp-json\/wp\/v2\/pages\/832\/revisions\/849"}],"up":[{"embeddable":true,"href":"https:\/\/ashiscom.org\/congreso-jovenes\/wp-json\/wp\/v2\/pages\/828"}],"wp:featuredmedia":[{"embeddable":true,"href":"https:\/\/ashiscom.org\/congreso-jovenes\/wp-json\/wp\/v2\/media\/837"}],"wp:attachment":[{"href":"https:\/\/ashiscom.org\/congreso-jovenes\/wp-json\/wp\/v2\/media?parent=832"}],"curies":[{"name":"wp","href":"https:\/\/api.w.org\/{rel}","templated":true}]}}