{"id":842,"date":"2026-02-27T05:41:39","date_gmt":"2026-02-27T04:41:39","guid":{"rendered":"https:\/\/ashiscom.org\/congreso-jovenes\/?page_id=842"},"modified":"2026-02-27T05:57:10","modified_gmt":"2026-02-27T04:57:10","slug":"espejos-curvos-de-la-realidad-tres-siglos-de-periodismo-satirico-humorismo-grafico-y-propaganda-visual-s-xix-xxi","status":"publish","type":"page","link":"https:\/\/ashiscom.org\/congreso-jovenes\/mesas-del-congreso\/espejos-curvos-de-la-realidad-tres-siglos-de-periodismo-satirico-humorismo-grafico-y-propaganda-visual-s-xix-xxi\/","title":{"rendered":"Espejos curvos de la realidad. Tres siglos de periodismo sat\u00edrico, humorismo gr\u00e1fico y propaganda visual (s. XIX-XXI)"},"content":{"rendered":"\n<p><strong>Coordinaci\u00f3n:<\/strong> <br><strong>Irene Marina P\u00e9rez M\u00e9ndez<\/strong> (Dra. en Historia del Arte por la Universidad de Oviedo) y <strong>Noemi D\u00edaz Rodr\u00edguez<\/strong>\u00a0 (Investigadora predoctoral Severo Ochoa en Historia del Arte por la Universidad de Oviedo)<\/p>\n\n\n\n<p><strong>Resumen:<\/strong><\/p>\n\n\n\n<p>La comuni\u00f3n de la s\u00e1tira y el humor en las vi\u00f1etas gr\u00e1ficas ha permitido al periodismo moldear el imaginario social contempor\u00e1neo. Lejos de ser un mero alivio c\u00f3mico, esos dibujos se erigieron (y se erigen) como herramientas de persuasi\u00f3n fundamentales, capaces de cristalizar ideolog\u00edas, <em>colar <\/em>asuntos inc\u00f3modos y cr\u00edticas (des)afortunadas.<\/p>\n\n\n\n<p>A trav\u00e9s de un enfoque transdisciplinar -que integra los Estudios Culturales, la Cultura Visual, la Historia del Arte y la sociolog\u00eda de la Comunicaci\u00f3n- y trasnacional, esta propuesta analiza el humor como recurso comunicativo, art\u00edstico y pol\u00edtico en los diversos contextos y discursos sociales de entre los siglos XIX y XXI. En a\u00f1adido, la mesa reflexiona sobre las interpelaciones afectivas e identitarias de los trazos sat\u00edricos, sus presupuestos pol\u00edticos y morales. Con todo, el objetivo final es desentra\u00f1ar la ret\u00f3rica visual de estos<em> espejos curvos de la realidad<\/em> para comprender su impacto en la esfera p\u00fablica.<\/p>\n\n\n\n<p>Se aceptar\u00e1n comunicaciones procedentes de diversos campos acad\u00e9micos (Historia, Periodismo y Comunicaci\u00f3n, Historia del Arte, Sociolog\u00eda) que analicen la imagen como actor principal en la construcci\u00f3n, (re)producci\u00f3n y sentido de la historia.<\/p>\n\n\n\n<p><strong>L\u00edneas de aceptaci\u00f3n de comunicaciones:<\/strong><\/p>\n\n\n\n<ol class=\"wp-block-list\">\n<li>Del grabado y la prensa decimon\u00f3nica al ecosistema digital: casos espec\u00edficos de an\u00e1lisis desde el siglo XIX al XXI.<\/li>\n\n\n\n<li>La caricatura como mecanismo de propaganda en contextos de crisis.<\/li>\n\n\n\n<li>Transversalidad hist\u00f3rica de las vi\u00f1etas y sus representados: iconograf\u00edas reiteradas o socorridas en discursos sociales de \u00edndole similar.<\/li>\n\n\n\n<li>De los bulos a las <em>fake news<\/em>: el humor gr\u00e1fico como herramienta de desinformaci\u00f3n.<\/li>\n\n\n\n<li>Los <em>memes <\/em>y la IA: \u00bfnuevas biosferas para el humor?<\/li>\n\n\n\n<li>Relatos y memorias resignificadas. El humor gr\u00e1fico desde la perspectiva de g\u00e9nero.<\/li>\n<\/ol>\n\n\n\n<p><\/p>\n","protected":false},"excerpt":{"rendered":"<p>Coordinaci\u00f3n: Irene Marina P\u00e9rez M\u00e9ndez (Dra. en Historia del Arte por la Universidad de Oviedo) y Noemi D\u00edaz Rodr\u00edguez\u00a0 (Investigadora predoctoral Severo&hellip; <\/p>\n","protected":false},"author":1,"featured_media":844,"parent":828,"menu_order":0,"comment_status":"open","ping_status":"closed","template":"","meta":{"footnotes":""},"class_list":["post-842","page","type-page","status-publish","has-post-thumbnail","hentry"],"_links":{"self":[{"href":"https:\/\/ashiscom.org\/congreso-jovenes\/wp-json\/wp\/v2\/pages\/842","targetHints":{"allow":["GET"]}}],"collection":[{"href":"https:\/\/ashiscom.org\/congreso-jovenes\/wp-json\/wp\/v2\/pages"}],"about":[{"href":"https:\/\/ashiscom.org\/congreso-jovenes\/wp-json\/wp\/v2\/types\/page"}],"author":[{"embeddable":true,"href":"https:\/\/ashiscom.org\/congreso-jovenes\/wp-json\/wp\/v2\/users\/1"}],"replies":[{"embeddable":true,"href":"https:\/\/ashiscom.org\/congreso-jovenes\/wp-json\/wp\/v2\/comments?post=842"}],"version-history":[{"count":2,"href":"https:\/\/ashiscom.org\/congreso-jovenes\/wp-json\/wp\/v2\/pages\/842\/revisions"}],"predecessor-version":[{"id":854,"href":"https:\/\/ashiscom.org\/congreso-jovenes\/wp-json\/wp\/v2\/pages\/842\/revisions\/854"}],"up":[{"embeddable":true,"href":"https:\/\/ashiscom.org\/congreso-jovenes\/wp-json\/wp\/v2\/pages\/828"}],"wp:featuredmedia":[{"embeddable":true,"href":"https:\/\/ashiscom.org\/congreso-jovenes\/wp-json\/wp\/v2\/media\/844"}],"wp:attachment":[{"href":"https:\/\/ashiscom.org\/congreso-jovenes\/wp-json\/wp\/v2\/media?parent=842"}],"curies":[{"name":"wp","href":"https:\/\/api.w.org\/{rel}","templated":true}]}}