{"id":846,"date":"2026-02-27T05:46:28","date_gmt":"2026-02-27T04:46:28","guid":{"rendered":"https:\/\/ashiscom.org\/congreso-jovenes\/?page_id=846"},"modified":"2026-02-27T05:46:28","modified_gmt":"2026-02-27T04:46:28","slug":"de-la-retaguardia-al-frente-usos-politicos-y-mediaticos-de-la-participacion-de-las-mujeres-en-contextos-belicos","status":"publish","type":"page","link":"https:\/\/ashiscom.org\/congreso-jovenes\/mesas-del-congreso\/de-la-retaguardia-al-frente-usos-politicos-y-mediaticos-de-la-participacion-de-las-mujeres-en-contextos-belicos\/","title":{"rendered":"De la retaguardia al frente: usos pol\u00edticos y medi\u00e1ticos de la participaci\u00f3n de las mujeres en contextos b\u00e9licos"},"content":{"rendered":"\n<p><strong>Coordinaci\u00f3n:<\/strong><\/p>\n\n\n\n<p><strong>Garbi\u00f1e Jaurrieta Bariain<\/strong> (socia de la Asociaci\u00f3n de Historiadores de la Comunicaci\u00f3n) es investigadora predoctoral en la Secci\u00f3n Departamental de Relaciones Internacionales e Historia Global en la Facultad de Ciencias de la Informaci\u00f3n de la Universidad Complutense de Madrid (UCM). Es graduada en Periodismo (Universidad Carlos III), con un a\u00f1o acad\u00e9mico en la Universidad de California (UCSD), y en Geograf\u00eda e Historia (UNED). Asimismo, ha cursado el M\u00e1ster en Historia Cultural de la Universidad de Utrecht (UU). Sus l\u00edneas de investigaci\u00f3n se centran en las conexiones entre mujeres, cultura anarquista y sus representaciones medi\u00e1ticas. Actualmente compagina su labor investigadora con la docencia y ha trabajado como gestora de comunicaci\u00f3n cultural para la Asociaci\u00f3n de Mujeres Cineastas y del Audiovisual (CIMA) y para AECID (Beca MAEC-AECID).<\/p>\n\n\n\n<p><strong>Almudena&nbsp;Rubio<\/strong>&nbsp;es historiadora del arte e investigadora predoctoral en la&nbsp;Universidad Rovira i Virgili&nbsp;(URV). Trabaja como investigadora en el&nbsp;International Institute of Social History&nbsp;(IISH), donde ha desarrollado su proyecto de investigaci\u00f3n sobre el archivo fotogr\u00e1fico de la CNT de la Guerra Civil, identificando las obras de las fot\u00f3grafas&nbsp;Kati Horna&nbsp;y&nbsp;Margaret Michaelis. Su l\u00ednea de investigaci\u00f3n se centra en la relaci\u00f3n entre fotograf\u00eda, mujeres, anarquismo y Guerra Civil. Ha publicado art\u00edculos en la revista&nbsp;Historia Social, en medios de divulgaci\u00f3n y en el peri\u00f3dico&nbsp;El Pa\u00eds. Ha comisariado las exposiciones&nbsp;With Anarchist Eyes: Kati Horna and Margaret Michaelis&nbsp;(\u00c1msterdam, 2021) y&nbsp;Las cajas de \u00c1msterdam: Kati Horna y Margaret Michaelis en la Guerra Civil&nbsp;(PHotoEspa\u00f1a, 2022\u20132023).&nbsp;Es autora del libro&nbsp;Las cajas de \u00c1msterdam: &nbsp;Margaret Michaelis y Kati Horna en la Guerra Civil&nbsp;(2026). &nbsp;<\/p>\n\n\n\n<p><strong>Resumen:<\/strong><\/p>\n\n\n\n<p>La mesa propone abrir un espacio de reflexi\u00f3n y debate, sin ce\u00f1irse a un periodo hist\u00f3rico concreto, en torno al papel que las mujeres han desempe\u00f1ado \u2014y que se les ha atribuido\u2014 en distintos contextos b\u00e9licos. Se pretende analizar tanto los usos pol\u00edticos, institucionales y medi\u00e1ticos de su participaci\u00f3n, como las formas de representaci\u00f3n simb\u00f3lica que han acompa\u00f1ado estos procesos, prestando especial atenci\u00f3n a los dispositivos de comunicaci\u00f3n \u2014prensa, fotograf\u00eda, cartelismo, radio, cine, correspondencia y, en etapas m\u00e1s recientes, medios digitales\u2014 a trav\u00e9s de los cuales circularon y se consolidaron en la esfera p\u00fablica.<\/p>\n\n\n\n<p>En este sentido, la mesa abordar\u00e1 la construcci\u00f3n de figuras como la madre, la miliciana, la hero\u00edna, la combatiente o la trabajadora en la retaguardia, atendiendo a c\u00f3mo estas im\u00e1genes han sido movilizadas con fines ideol\u00f3gicos, propagand\u00edsticos o memoriales. No obstante, el objetivo no se limita a estudiar la representaci\u00f3n o instrumentalizaci\u00f3n de las mujeres, sino que pone el acento en su capacidad de agencia en el \u00e1mbito de la comunicaci\u00f3n: su papel como productoras de discurso, impulsoras de proyectos editoriales y constructoras de redes de difusi\u00f3n que hicieron posible su intervenci\u00f3n en el espacio p\u00fablico.<\/p>\n\n\n\n<p>Asimismo, se propone reflexionar sobre los s\u00edmbolos asociados a la figura femenina en la guerra y sobre los lenguajes visuales y narrativos que la construyen en distintos soportes medi\u00e1ticos, atendiendo a los c\u00f3digos, estrategias iconogr\u00e1ficas y abordajes period\u00edsticos que han condicionado su representaci\u00f3n. Tambi\u00e9n sobre sobre las diferencias \u2014y posibles tensiones\u2014 entre las miradas femenina y masculina del conflicto, y el significado de estas. Por \u00faltimo, la mesa aspira a interrogar los mecanismos de construcci\u00f3n, transformaci\u00f3n y disputa de estos relatos una vez finalizado el conflicto armado, prestando atenci\u00f3n a su mediatizaci\u00f3n en la posguerra y al lugar que las mujeres ocupan en la memoria colectiva y en las narrativas hist\u00f3ricas posteriores.<\/p>\n\n\n\n<p><strong>L\u00edneas de aceptaci\u00f3n de comunicaciones:<\/strong><\/p>\n\n\n\n<p>La mesa acepta comunicaciones con un enfoque hist\u00f3rico que analicen la participaci\u00f3n de las mujeres en contextos b\u00e9licos, desde la historia, la historia de la comunicaci\u00f3n y campos afines. Se recibir\u00e1n propuestas centradas en biograf\u00edas concretas \u2014periodistas, fot\u00f3grafas o activistas\u2014, en s\u00edmbolos y arquetipos, as\u00ed como en proyectos editoriales e iniciativas sociales o pol\u00edticas, valorando especialmente enfoques comparativos, an\u00e1lisis visuales, planteamientos interdisciplinares y estudios sobre memoria y posguerra.<\/p>\n","protected":false},"excerpt":{"rendered":"<p>Coordinaci\u00f3n: Garbi\u00f1e Jaurrieta Bariain (socia de la Asociaci\u00f3n de Historiadores de la Comunicaci\u00f3n) es investigadora predoctoral en la Secci\u00f3n Departamental de Relaciones&hellip; <\/p>\n","protected":false},"author":1,"featured_media":847,"parent":828,"menu_order":0,"comment_status":"open","ping_status":"closed","template":"","meta":{"footnotes":""},"class_list":["post-846","page","type-page","status-publish","has-post-thumbnail","hentry"],"_links":{"self":[{"href":"https:\/\/ashiscom.org\/congreso-jovenes\/wp-json\/wp\/v2\/pages\/846","targetHints":{"allow":["GET"]}}],"collection":[{"href":"https:\/\/ashiscom.org\/congreso-jovenes\/wp-json\/wp\/v2\/pages"}],"about":[{"href":"https:\/\/ashiscom.org\/congreso-jovenes\/wp-json\/wp\/v2\/types\/page"}],"author":[{"embeddable":true,"href":"https:\/\/ashiscom.org\/congreso-jovenes\/wp-json\/wp\/v2\/users\/1"}],"replies":[{"embeddable":true,"href":"https:\/\/ashiscom.org\/congreso-jovenes\/wp-json\/wp\/v2\/comments?post=846"}],"version-history":[{"count":1,"href":"https:\/\/ashiscom.org\/congreso-jovenes\/wp-json\/wp\/v2\/pages\/846\/revisions"}],"predecessor-version":[{"id":848,"href":"https:\/\/ashiscom.org\/congreso-jovenes\/wp-json\/wp\/v2\/pages\/846\/revisions\/848"}],"up":[{"embeddable":true,"href":"https:\/\/ashiscom.org\/congreso-jovenes\/wp-json\/wp\/v2\/pages\/828"}],"wp:featuredmedia":[{"embeddable":true,"href":"https:\/\/ashiscom.org\/congreso-jovenes\/wp-json\/wp\/v2\/media\/847"}],"wp:attachment":[{"href":"https:\/\/ashiscom.org\/congreso-jovenes\/wp-json\/wp\/v2\/media?parent=846"}],"curies":[{"name":"wp","href":"https:\/\/api.w.org\/{rel}","templated":true}]}}