{"id":93,"date":"2016-08-10T15:25:34","date_gmt":"2016-08-10T15:25:34","guid":{"rendered":"http:\/\/localhost\/wordpress\/event\/?page_id=93"},"modified":"2026-02-27T05:01:37","modified_gmt":"2026-02-27T04:01:37","slug":"graciela-padilla","status":"publish","type":"page","link":"https:\/\/ashiscom.org\/congreso-jovenes\/comite-direccion\/graciela-padilla\/","title":{"rendered":"Graciela Padilla Castillo"},"content":{"rendered":"\n<div class=\"wp-block-media-text is-stacked-on-mobile is-vertically-aligned-top\"><figure class=\"wp-block-media-text__media\"><img loading=\"lazy\" decoding=\"async\" width=\"778\" height=\"778\" src=\"https:\/\/ashiscom.org\/congreso-jovenes\/wp-content\/uploads\/2026\/02\/foto-graciela-padilla-1.jpg\" alt=\"\" class=\"wp-image-742 size-full\" srcset=\"https:\/\/ashiscom.org\/congreso-jovenes\/wp-content\/uploads\/2026\/02\/foto-graciela-padilla-1.jpg 778w, https:\/\/ashiscom.org\/congreso-jovenes\/wp-content\/uploads\/2026\/02\/foto-graciela-padilla-1-300x300.jpg 300w, https:\/\/ashiscom.org\/congreso-jovenes\/wp-content\/uploads\/2026\/02\/foto-graciela-padilla-1-150x150.jpg 150w, https:\/\/ashiscom.org\/congreso-jovenes\/wp-content\/uploads\/2026\/02\/foto-graciela-padilla-1-768x768.jpg 768w\" sizes=\"auto, (max-width: 778px) 100vw, 778px\" \/><\/figure><div class=\"wp-block-media-text__content\">\n<p>Graciela est\u00e1 acreditada a Catedr\u00e1tica por la ANECA y actualmente es Vicedecana de Investigaci\u00f3n y Pol\u00edtica Cient\u00edfica en la Facultad de Ciencias de la Informaci\u00f3n (UCM).<br>Dirige Investigaciones Feministas, revista Q1 y referente en Estudios de G\u00e9nero en Espa\u00f1a.<br>Acumula m\u00e1s de quince a\u00f1os de experiencia en gesti\u00f3n acad\u00e9mica en t\u00edtulos de Mag\u00edster, M\u00e1ster universitario y Grado.<br>Es Co-IP de un proyecto I+D estatal (2023\u20132027) sobre \u201cla manosfera\u201d en redes sociales, con un contrato predoctoral asociado y 84.000 \u20ac de financiaci\u00f3n.<br>Ha sido evaluadora para AVAP, AAC y el Ministerio de Ciencia, Innovaci\u00f3n y Universidades.<br>Participa como editora y revisora en editoriales y revistas Q1\u2013Q2 de primer nivel, nacionales e internacionales.<br>Ha recibido el Premio Robl\u00f3n 2021 y el Premio Mejores Evaluadores 2024.<br>Ha dirigido y participado en m\u00e1s de 35 proyectos de investigaci\u00f3n, transferencia e innovaci\u00f3n docente.<br>Cuenta con una producci\u00f3n cient\u00edfica muy amplia, con 17 libros, 98 cap\u00edtulos y 83 art\u00edculos en revistas de alto impacto.<br>Ha dirigido 18 tesis doctorales, ha tutelado estancias internacionales y destaca por su excelencia docente (6 diplomas Docentia) y la formaci\u00f3n predoctoral (5 becarios FPI\/FPU).<\/p>\n<\/div><\/div>\n","protected":false},"excerpt":{"rendered":"<p>Graciela est\u00e1 acreditada a Catedr\u00e1tica por la ANECA y actualmente es Vicedecana de Investigaci\u00f3n y Pol\u00edtica Cient\u00edfica en la Facultad de Ciencias&hellip; <\/p>\n","protected":false},"author":1,"featured_media":742,"parent":91,"menu_order":0,"comment_status":"closed","ping_status":"closed","template":"","meta":{"footnotes":""},"class_list":["post-93","page","type-page","status-publish","has-post-thumbnail","hentry"],"_links":{"self":[{"href":"https:\/\/ashiscom.org\/congreso-jovenes\/wp-json\/wp\/v2\/pages\/93","targetHints":{"allow":["GET"]}}],"collection":[{"href":"https:\/\/ashiscom.org\/congreso-jovenes\/wp-json\/wp\/v2\/pages"}],"about":[{"href":"https:\/\/ashiscom.org\/congreso-jovenes\/wp-json\/wp\/v2\/types\/page"}],"author":[{"embeddable":true,"href":"https:\/\/ashiscom.org\/congreso-jovenes\/wp-json\/wp\/v2\/users\/1"}],"replies":[{"embeddable":true,"href":"https:\/\/ashiscom.org\/congreso-jovenes\/wp-json\/wp\/v2\/comments?post=93"}],"version-history":[{"count":2,"href":"https:\/\/ashiscom.org\/congreso-jovenes\/wp-json\/wp\/v2\/pages\/93\/revisions"}],"predecessor-version":[{"id":817,"href":"https:\/\/ashiscom.org\/congreso-jovenes\/wp-json\/wp\/v2\/pages\/93\/revisions\/817"}],"up":[{"embeddable":true,"href":"https:\/\/ashiscom.org\/congreso-jovenes\/wp-json\/wp\/v2\/pages\/91"}],"wp:featuredmedia":[{"embeddable":true,"href":"https:\/\/ashiscom.org\/congreso-jovenes\/wp-json\/wp\/v2\/media\/742"}],"wp:attachment":[{"href":"https:\/\/ashiscom.org\/congreso-jovenes\/wp-json\/wp\/v2\/media?parent=93"}],"curies":[{"name":"wp","href":"https:\/\/api.w.org\/{rel}","templated":true}]}}