{"id":961,"date":"2026-02-28T12:02:33","date_gmt":"2026-02-28T11:02:33","guid":{"rendered":"https:\/\/ashiscom.org\/congreso-jovenes\/?page_id=961"},"modified":"2026-03-11T07:46:17","modified_gmt":"2026-03-11T06:46:17","slug":"la-construccion-mediatica-de-la-masculinidad-y-feminidad-nacional-modelos-contramodelos-y-disputas-ss-xix-xxi","status":"publish","type":"page","link":"https:\/\/ashiscom.org\/congreso-jovenes\/mesas-del-congreso\/la-construccion-mediatica-de-la-masculinidad-y-feminidad-nacional-modelos-contramodelos-y-disputas-ss-xix-xxi\/","title":{"rendered":"La construcci\u00f3n medi\u00e1tica de la masculinidad y feminidad nacional: modelos, contramodelos y disputas (ss. XIX-XXI)"},"content":{"rendered":"\n<p><strong>Coordinaci\u00f3n:<br>Miguel \u00c1ngel Rubio Lape\u00f1a<\/strong> (Investigador predoctoral FPU &#8211; Universitat de Val\u00e8ncia) e <strong>Inmaculada Verd\u00fa S\u00e1nchez<\/strong> (Investigadora Doctora Junior &#8211; Universitat de Val\u00e8ncia)<\/p>\n\n\n\n<p><strong>Resumen:<\/strong><\/p>\n\n\n\n<p>Esta mesa propone un espacio de debate sobre la producci\u00f3n hist\u00f3rica de modelos nacionales de feminidad y masculinidad a trav\u00e9s de los medios de comunicaci\u00f3n, entendidos no como reflejos de la realidad social, sino como dispositivos que intervienen en su definici\u00f3n. En este sentido, prensa, cine, radio, televisi\u00f3n, publicidad y entornos digitales no solo difunden im\u00e1genes e ideas, sino que tambi\u00e9n son espacios elementales donde se seleccionan y se jerarquizan representaciones que contribuyen a construir identidades, delimitar fronteras simb\u00f3licas y dotar de legitimidad a distintos proyectos pol\u00edticos.<\/p>\n\n\n\n<p>Partimos de la premisa de que la naci\u00f3n se configura medi\u00e1ticamente a trav\u00e9s de repertorios de g\u00e9nero, esto es, las figuras de \u201chombre nacional\u201d y \u201cmujer nacional\u201d, sus contramodelos y los c\u00f3digos morales y sociales que los vuelven aceptables, ejemplares o, por el contrario, sancionables. El objetivo es analizar c\u00f3mo estos modelos se han elaborado, circulado y disputado en distintos momentos hist\u00f3ricos y a trav\u00e9s de diferentes lenguajes medi\u00e1ticos, atendiendo a su dimensi\u00f3n normativa y a sus tensiones internas, as\u00ed como a sus contestaciones. Subrayamos la utilidad de historizar estas construcciones en el largo plazo. Desde el siglo XIX hasta la actualidad, los modelos de masculinidad y feminidad se han configurado a partir de discursos heredados y reformulados, de modo que en cada coyuntura hist\u00f3rica se realizan apropiaciones selectivas del pasado que act\u00faan como argumentos de autoridad para determinados programas ideol\u00f3gicos, morales o identitarios.<\/p>\n\n\n\n<p><strong>L\u00ednea de aceptaci\u00f3n de comunicaciones:<\/strong><\/p>\n\n\n\n<p>La mesa es interdisciplinar y comparativa, abierta a contextos nacionales y a enfoques transnacionales. Se aceptar\u00e1n propuestas que tomen los medios de comunicaci\u00f3n como objeto de estudio y expliquen c\u00f3mo, a trav\u00e9s de im\u00e1genes y narrativas, se construyeron y transformaron modelos nacionales de feminidad y masculinidad. Se valorar\u00e1n, asimismo, trabajos que analicen y tengan en cuenta los mensajes en relaci\u00f3n con sus condiciones de producci\u00f3n, difusi\u00f3n y recepci\u00f3n.<\/p>\n\n\n\n<p><\/p>\n","protected":false},"excerpt":{"rendered":"<p>Coordinaci\u00f3n:Miguel \u00c1ngel Rubio Lape\u00f1a (Investigador predoctoral FPU &#8211; Universitat de Val\u00e8ncia) e Inmaculada Verd\u00fa S\u00e1nchez (Investigadora Doctora Junior &#8211; Universitat de Val\u00e8ncia)&hellip; <\/p>\n","protected":false},"author":1,"featured_media":962,"parent":828,"menu_order":0,"comment_status":"open","ping_status":"closed","template":"","meta":{"footnotes":"Las mesas se ir\u00e1n configurando en el programa a medida que vayan siendo aprobadas por el Comit\u00e9 de Direcci\u00f3n. Se informar\u00e1 de todas las mesas aceptadas una vez finalizado el plazo de recepci\u00f3n de propuestas."},"class_list":["post-961","page","type-page","status-publish","has-post-thumbnail","hentry"],"_links":{"self":[{"href":"https:\/\/ashiscom.org\/congreso-jovenes\/wp-json\/wp\/v2\/pages\/961","targetHints":{"allow":["GET"]}}],"collection":[{"href":"https:\/\/ashiscom.org\/congreso-jovenes\/wp-json\/wp\/v2\/pages"}],"about":[{"href":"https:\/\/ashiscom.org\/congreso-jovenes\/wp-json\/wp\/v2\/types\/page"}],"author":[{"embeddable":true,"href":"https:\/\/ashiscom.org\/congreso-jovenes\/wp-json\/wp\/v2\/users\/1"}],"replies":[{"embeddable":true,"href":"https:\/\/ashiscom.org\/congreso-jovenes\/wp-json\/wp\/v2\/comments?post=961"}],"version-history":[{"count":4,"href":"https:\/\/ashiscom.org\/congreso-jovenes\/wp-json\/wp\/v2\/pages\/961\/revisions"}],"predecessor-version":[{"id":1044,"href":"https:\/\/ashiscom.org\/congreso-jovenes\/wp-json\/wp\/v2\/pages\/961\/revisions\/1044"}],"up":[{"embeddable":true,"href":"https:\/\/ashiscom.org\/congreso-jovenes\/wp-json\/wp\/v2\/pages\/828"}],"wp:featuredmedia":[{"embeddable":true,"href":"https:\/\/ashiscom.org\/congreso-jovenes\/wp-json\/wp\/v2\/media\/962"}],"wp:attachment":[{"href":"https:\/\/ashiscom.org\/congreso-jovenes\/wp-json\/wp\/v2\/media?parent=961"}],"curies":[{"name":"wp","href":"https:\/\/api.w.org\/{rel}","templated":true}]}}