{"id":982,"date":"2026-02-28T16:58:10","date_gmt":"2026-02-28T15:58:10","guid":{"rendered":"https:\/\/ashiscom.org\/congreso-jovenes\/?page_id=982"},"modified":"2026-03-27T10:01:36","modified_gmt":"2026-03-27T09:01:36","slug":"galeria-del-congreso","status":"publish","type":"page","link":"https:\/\/ashiscom.org\/congreso-jovenes\/galeria-del-congreso\/","title":{"rendered":"Galer\u00eda del Congreso"},"content":{"rendered":"\n<p>Aqu\u00ed publicaremos las fotograf\u00edas de las diferentes sesiones as\u00ed como los videos creados durante la celebraci\u00f3n del II Congreso Internacional de J\u00f3venes Investigadores AsHisCom.<\/p>\n\n\n\n\n<div style=\"row-gap: 12px; column-gap: 12px; border-top-left-radius: 0px; border-top-right-radius: 0px; border-bottom-left-radius: 0px; border-bottom-right-radius: 0px; border-top: 0px none; border-left: 0px none; border-right: 0px none; border-bottom: 0px none; column-count: 3; \" class=\"galleryberg-gallery-container galleryberg-has-lightbox columns-3 layout-masonry wp-block-galleryberg-gallery\" data-open-effect=\"zoom\" data-close-effect=\"fade\" data-slide-effect=\"slide\" data-keyboard-navigation=\"true\" data-loop=\"true\" data-zoomable=\"true\" data-draggable=\"true\" data-show-lightbox-captions=\"true\">\n\t\n<figure style=\"margin-bottom: 12px\" class=\"wp-block-galleryberg-image galleryberg-image size-large has-hover-effect hover-zoom-in wp-block-galleryberg-image\" id=\"wp-image-682\">\n\t\t\t<a href=\"https:\/\/ashiscom.org\/congreso-jovenes\/wp-content\/uploads\/2026\/02\/CongresoZaragoza.png\">\n\t\t\t<img loading=\"lazy\" decoding=\"async\" width=\"790\" height=\"444\" src=\"https:\/\/ashiscom.org\/congreso-jovenes\/wp-content\/uploads\/2026\/02\/CongresoZaragoza-1024x576.png\" class=\"\" alt=\"\" style=\"border-top-left-radius: 0px;border-top-right-radius: 0px;border-bottom-left-radius: 0px;border-bottom-right-radius: 0px\" \/>\t\t<\/a>\n\t\t<figcaption class=\"wp-element-caption caption-type-full-overlay caption-visibility-show-on-hover caption-align-bottom-center\" style=\"background: linear-gradient(0deg,rgb(0,0,0) 0%,rgba(0,0,0,0) 100%)\">XIX Congreso de la Asociaci\u00f3n de Historiadores de la Comunicaci\u00f3n. Zaragoza 2025<\/figcaption><\/figure>\n\n\n<figure style=\"margin-bottom: 12px\" class=\"wp-block-galleryberg-image galleryberg-image size-large has-hover-effect hover-zoom-in wp-block-galleryberg-image\" id=\"wp-image-517\">\n\t\t\t<a href=\"https:\/\/ashiscom.org\/congreso-jovenes\/wp-content\/uploads\/2026\/02\/WhatsApp-Image-2023-06-03-at-19.47.32-1-1.jpeg\">\n\t\t\t<img loading=\"lazy\" decoding=\"async\" width=\"790\" height=\"411\" src=\"https:\/\/ashiscom.org\/congreso-jovenes\/wp-content\/uploads\/2026\/02\/WhatsApp-Image-2023-06-03-at-19.47.32-1-1.jpeg\" class=\"\" alt=\"\" style=\"border-top-left-radius: 0px;border-top-right-radius: 0px;border-bottom-left-radius: 0px;border-bottom-right-radius: 0px\" \/>\t\t<\/a>\n\t\t<figcaption class=\"wp-element-caption caption-type-full-overlay caption-visibility-show-on-hover caption-align-bottom-center\" style=\"background: linear-gradient(0deg,rgb(0,0,0) 0%,rgba(0,0,0,0) 100%)\">\u00a1Que tiempos! Historia de los medios de comunicaci\u00f3n y escritura<\/figcaption><\/figure>\n\n\n<figure style=\"margin-bottom: 12px\" class=\"wp-block-galleryberg-image galleryberg-image size-large has-hover-effect hover-zoom-in wp-block-galleryberg-image\" id=\"wp-image-837\">\n\t\t\t<a href=\"https:\/\/ashiscom.org\/congreso-jovenes\/wp-content\/uploads\/2026\/02\/mesahistoriasconectadas.png\">\n\t\t\t<img loading=\"lazy\" decoding=\"async\" width=\"790\" height=\"790\" src=\"https:\/\/ashiscom.org\/congreso-jovenes\/wp-content\/uploads\/2026\/02\/mesahistoriasconectadas.png\" class=\"\" alt=\"\" style=\"border-top-left-radius: 0px;border-top-right-radius: 0px;border-bottom-left-radius: 0px;border-bottom-right-radius: 0px\" \/>\t\t<\/a>\n\t\t<figcaption class=\"wp-element-caption caption-type-full-overlay caption-visibility-show-on-hover caption-align-bottom-center\" style=\"background: linear-gradient(0deg,rgb(0,0,0) 0%,rgba(0,0,0,0) 100%)\">Historias conectadas: la voz de las mujeres en la profesi\u00f3n period\u00edstica<\/figcaption><\/figure>\n\n\n<figure style=\"margin-bottom: 12px\" class=\"wp-block-galleryberg-image galleryberg-image size-large has-hover-effect hover-zoom-in wp-block-galleryberg-image\" id=\"wp-image-1068\">\n\t\t\t<img loading=\"lazy\" decoding=\"async\" width=\"790\" height=\"790\" src=\"https:\/\/ashiscom.org\/congreso-jovenes\/wp-content\/uploads\/2026\/03\/fotografiadocumental.png\" class=\"\" alt=\"\" style=\"border-top-left-radius: 0px;border-top-right-radius: 0px;border-bottom-left-radius: 0px;border-bottom-right-radius: 0px\" \/>\t\t<\/figure>\n\n\n<figure style=\"margin-bottom: 12px\" class=\"wp-block-galleryberg-image galleryberg-image size-large has-hover-effect hover-zoom-in wp-block-galleryberg-image\" id=\"wp-image-1018\">\n\t\t\t<img loading=\"lazy\" decoding=\"async\" width=\"790\" height=\"790\" src=\"https:\/\/ashiscom.org\/congreso-jovenes\/wp-content\/uploads\/2026\/03\/TrueCrime.png\" class=\"\" alt=\"\" style=\"border-top-left-radius: 0px;border-top-right-radius: 0px;border-bottom-left-radius: 0px;border-bottom-right-radius: 0px\" \/>\t\t<\/figure>\n\n\n<figure style=\"margin-bottom: 12px\" class=\"wp-block-galleryberg-image galleryberg-image size-large has-hover-effect hover-zoom-in wp-block-galleryberg-image\" id=\"wp-image-593\">\n\t\t\t<a href=\"https:\/\/ashiscom.org\/congreso-jovenes\/wp-content\/uploads\/2026\/02\/Facultad1.jpg\">\n\t\t\t<img loading=\"lazy\" decoding=\"async\" width=\"790\" height=\"415\" src=\"https:\/\/ashiscom.org\/congreso-jovenes\/wp-content\/uploads\/2026\/02\/Facultad1-1024x538.jpg\" class=\"\" alt=\"\" style=\"border-top-left-radius: 0px;border-top-right-radius: 0px;border-bottom-left-radius: 0px;border-bottom-right-radius: 0px\" \/>\t\t<\/a>\n\t\t<figcaption class=\"wp-element-caption caption-type-full-overlay caption-visibility-show-on-hover caption-align-bottom-center\" style=\"background: linear-gradient(0deg,rgb(0,0,0) 0%,rgba(0,0,0,0) 100%)\">Facultad de Ciencias de la Informaci\u00f3n de la Universidad Complutense de Madrid<\/figcaption><\/figure>\n\n\n<figure style=\"margin-bottom: 12px\" class=\"wp-block-galleryberg-image galleryberg-image size-large has-hover-effect hover-zoom-in wp-block-galleryberg-image\" id=\"wp-image-1013\">\n\t\t\t<img loading=\"lazy\" decoding=\"async\" width=\"790\" height=\"790\" src=\"https:\/\/ashiscom.org\/congreso-jovenes\/wp-content\/uploads\/2026\/03\/Arqueologiadigital.png\" class=\"\" alt=\"\" style=\"border-top-left-radius: 0px;border-top-right-radius: 0px;border-bottom-left-radius: 0px;border-bottom-right-radius: 0px\" \/>\t\t<\/figure>\n\n\n<figure style=\"margin-bottom: 12px\" class=\"wp-block-galleryberg-image galleryberg-image size-large has-hover-effect hover-zoom-in wp-block-galleryberg-image\" id=\"wp-image-1057\">\n\t\t\t<img loading=\"lazy\" decoding=\"async\" width=\"790\" height=\"790\" src=\"https:\/\/ashiscom.org\/congreso-jovenes\/wp-content\/uploads\/2026\/03\/iglesiacomunicacion.png\" class=\"\" alt=\"\" style=\"border-top-left-radius: 0px;border-top-right-radius: 0px;border-bottom-left-radius: 0px;border-bottom-right-radius: 0px\" \/>\t\t<\/figure>\n\n\n<figure style=\"margin-bottom: 12px\" class=\"wp-block-galleryberg-image galleryberg-image size-large has-hover-effect hover-zoom-in wp-block-galleryberg-image\" id=\"wp-image-1048\">\n\t\t\t<img loading=\"lazy\" decoding=\"async\" width=\"790\" height=\"790\" src=\"https:\/\/ashiscom.org\/congreso-jovenes\/wp-content\/uploads\/2026\/03\/Dictadurasytotalitarismos.png\" class=\"\" alt=\"\" style=\"border-top-left-radius: 0px;border-top-right-radius: 0px;border-bottom-left-radius: 0px;border-bottom-right-radius: 0px\" \/>\t\t<\/figure>\n\n\n<figure style=\"margin-bottom: 12px\" class=\"wp-block-galleryberg-image galleryberg-image size-large has-hover-effect hover-zoom-in wp-block-galleryberg-image\" id=\"wp-image-383\">\n\t\t\t<a href=\"https:\/\/ashiscom.org\/congreso-jovenes\/wp-content\/uploads\/2026\/02\/comunicacion-humana-5-e1589413973520.jpg\">\n\t\t\t<img loading=\"lazy\" decoding=\"async\" width=\"790\" height=\"395\" src=\"https:\/\/ashiscom.org\/congreso-jovenes\/wp-content\/uploads\/2026\/02\/comunicacion-humana-5-e1589413973520.jpg\" class=\"\" alt=\"\" style=\"border-top-left-radius: 0px;border-top-right-radius: 0px;border-bottom-left-radius: 0px;border-bottom-right-radius: 0px\" \/>\t\t<\/a>\n\t\t<figcaption class=\"wp-element-caption caption-type-full-overlay caption-visibility-show-on-hover caption-align-bottom-center\" style=\"background: linear-gradient(0deg,rgb(0,0,0) 0%,rgba(0,0,0,0) 100%)\">Los tiempos de la radio y la comunicaci\u00f3n humana<\/figcaption><\/figure>\n\n\n<figure style=\"margin-bottom: 12px\" class=\"wp-block-galleryberg-image galleryberg-image size-large has-hover-effect hover-zoom-in wp-block-galleryberg-image\" id=\"wp-image-715\">\n\t\t\t<a href=\"https:\/\/ashiscom.org\/congreso-jovenes\/wp-content\/uploads\/2026\/02\/Doctorado.png\">\n\t\t\t<img loading=\"lazy\" decoding=\"async\" width=\"790\" height=\"527\" src=\"https:\/\/ashiscom.org\/congreso-jovenes\/wp-content\/uploads\/2026\/02\/Doctorado-1024x683.png\" class=\"\" alt=\"\" style=\"border-top-left-radius: 0px;border-top-right-radius: 0px;border-bottom-left-radius: 0px;border-bottom-right-radius: 0px\" \/>\t\t<\/a>\n\t\t<figcaption class=\"wp-element-caption caption-type-full-overlay caption-visibility-show-on-hover caption-align-bottom-center\" style=\"background: linear-gradient(0deg,rgb(0,0,0) 0%,rgba(0,0,0,0) 100%)\">Aceptadas las primeras cuatro mesas para el Congreso Internacional de J\u00f3venes Investigadores <\/figcaption><\/figure>\n\n\n<figure style=\"margin-bottom: 12px\" class=\"wp-block-galleryberg-image galleryberg-image size-large has-hover-effect hover-zoom-in wp-block-galleryberg-image\" id=\"wp-image-844\">\n\t\t\t<a href=\"https:\/\/ashiscom.org\/congreso-jovenes\/wp-content\/uploads\/2026\/02\/mesasatirayperiodismo.png\">\n\t\t\t<img loading=\"lazy\" decoding=\"async\" width=\"790\" height=\"790\" src=\"https:\/\/ashiscom.org\/congreso-jovenes\/wp-content\/uploads\/2026\/02\/mesasatirayperiodismo.png\" class=\"\" alt=\"\" style=\"border-top-left-radius: 0px;border-top-right-radius: 0px;border-bottom-left-radius: 0px;border-bottom-right-radius: 0px\" \/>\t\t<\/a>\n\t\t<figcaption class=\"wp-element-caption caption-type-full-overlay caption-visibility-show-on-hover caption-align-bottom-center\" style=\"background: linear-gradient(0deg,rgb(0,0,0) 0%,rgba(0,0,0,0) 100%)\">Espejos curvos de la realidad. Tres siglos de periodismo sat\u00edrico, humorismo gr\u00e1fico y propaganda visual (s. XIX-XXI)<\/figcaption><\/figure>\n\n\n<figure style=\"margin-bottom: 12px\" class=\"wp-block-galleryberg-image galleryberg-image size-large has-hover-effect hover-zoom-in wp-block-galleryberg-image\" id=\"wp-image-962\">\n\t\t\t<a href=\"https:\/\/ashiscom.org\/congreso-jovenes\/wp-content\/uploads\/2026\/02\/mesamodelos.png\">\n\t\t\t<img loading=\"lazy\" decoding=\"async\" width=\"790\" height=\"790\" src=\"https:\/\/ashiscom.org\/congreso-jovenes\/wp-content\/uploads\/2026\/02\/mesamodelos.png\" class=\"\" alt=\"\" style=\"border-top-left-radius: 0px;border-top-right-radius: 0px;border-bottom-left-radius: 0px;border-bottom-right-radius: 0px\" \/>\t\t<\/a>\n\t\t<figcaption class=\"wp-element-caption caption-type-full-overlay caption-visibility-show-on-hover caption-align-bottom-center\" style=\"background: linear-gradient(0deg,rgb(0,0,0) 0%,rgba(0,0,0,0) 100%)\">La construcci\u00f3n medi\u00e1tica de los modelos de masculinidad y feminidad nacional: modelos, contramodelos y disputas (ss. XIX-XXI)<\/figcaption><\/figure>\n\n\n<figure style=\"margin-bottom: 12px\" class=\"wp-block-galleryberg-image galleryberg-image size-large has-hover-effect hover-zoom-in wp-block-galleryberg-image\" id=\"wp-image-472\">\n\t\t\t<a href=\"https:\/\/ashiscom.org\/congreso-jovenes\/wp-content\/uploads\/2026\/02\/2-scaled.png\">\n\t\t\t<img loading=\"lazy\" decoding=\"async\" width=\"717\" height=\"1024\" src=\"https:\/\/ashiscom.org\/congreso-jovenes\/wp-content\/uploads\/2026\/02\/2-717x1024.png\" class=\"\" alt=\"\" style=\"border-top-left-radius: 0px;border-top-right-radius: 0px;border-bottom-left-radius: 0px;border-bottom-right-radius: 0px\" \/>\t\t<\/a>\n\t\t<figcaption class=\"wp-element-caption caption-type-full-overlay caption-visibility-show-on-hover caption-align-bottom-center\" style=\"background: linear-gradient(0deg,rgb(0,0,0) 0%,rgba(0,0,0,0) 100%)\">Cartel del II Congreso Internacional de J\u00f3venes Investigadores AsHisCom 2026<\/figcaption><\/figure>\n\n\n<figure style=\"margin-bottom: 12px\" class=\"wp-block-galleryberg-image galleryberg-image size-large has-hover-effect hover-zoom-in wp-block-galleryberg-image\" id=\"wp-image-1051\">\n\t\t\t<img loading=\"lazy\" decoding=\"async\" width=\"790\" height=\"790\" src=\"https:\/\/ashiscom.org\/congreso-jovenes\/wp-content\/uploads\/2026\/03\/Misoginiaonline.png\" class=\"\" alt=\"\" style=\"border-top-left-radius: 0px;border-top-right-radius: 0px;border-bottom-left-radius: 0px;border-bottom-right-radius: 0px\" \/>\t\t<\/figure>\n\n\n<figure style=\"margin-bottom: 12px\" class=\"wp-block-galleryberg-image galleryberg-image size-large has-hover-effect hover-zoom-in wp-block-galleryberg-image\" id=\"wp-image-851\">\n\t\t\t<a href=\"https:\/\/ashiscom.org\/congreso-jovenes\/wp-content\/uploads\/2026\/02\/mesabulosycesura.png\">\n\t\t\t<img loading=\"lazy\" decoding=\"async\" width=\"790\" height=\"790\" src=\"https:\/\/ashiscom.org\/congreso-jovenes\/wp-content\/uploads\/2026\/02\/mesabulosycesura.png\" class=\"\" alt=\"\" style=\"border-top-left-radius: 0px;border-top-right-radius: 0px;border-bottom-left-radius: 0px;border-bottom-right-radius: 0px\" \/>\t\t<\/a>\n\t\t<figcaption class=\"wp-element-caption caption-type-full-overlay caption-visibility-show-on-hover caption-align-left\" style=\"background: linear-gradient(0deg,rgb(0,0,0) 0%,rgba(0,0,0,0) 100%)\">Bulos y censura: rumores, silencios y estrategias de control en la Historia de la Comunicaci\u00f3n<\/figcaption><\/figure>\n\n\n<figure style=\"margin-bottom: 12px\" class=\"wp-block-galleryberg-image galleryberg-image size-large has-hover-effect hover-zoom-in wp-block-galleryberg-image\" id=\"wp-image-718\">\n\t\t\t<a href=\"https:\/\/ashiscom.org\/congreso-jovenes\/wp-content\/uploads\/2026\/01\/Complutense_Doctorado.png\">\n\t\t\t<img loading=\"lazy\" decoding=\"async\" width=\"790\" height=\"527\" src=\"https:\/\/ashiscom.org\/congreso-jovenes\/wp-content\/uploads\/2026\/01\/Complutense_Doctorado-1024x683.png\" class=\"\" alt=\"\" style=\"border-top-left-radius: 0px;border-top-right-radius: 0px;border-bottom-left-radius: 0px;border-bottom-right-radius: 0px\" \/>\t\t<\/a>\n\t\t<figcaption class=\"wp-element-caption caption-type-full-overlay caption-visibility-show-on-hover caption-align-bottom-center\" style=\"background: linear-gradient(0deg,rgb(0,0,0) 0%,rgba(0,0,0,0) 100%)\">Un congreso para empezar bien la carrera investigadora y compartir avances y metodolog\u00edas con la comunidad <\/figcaption><\/figure>\n\n\n<figure style=\"margin-bottom: 12px\" class=\"wp-block-galleryberg-image galleryberg-image size-large has-hover-effect hover-zoom-in wp-block-galleryberg-image\" id=\"wp-image-1054\">\n\t\t\t<img loading=\"lazy\" decoding=\"async\" width=\"790\" height=\"790\" src=\"https:\/\/ashiscom.org\/congreso-jovenes\/wp-content\/uploads\/2026\/03\/extremaderecha.png\" class=\"\" alt=\"\" style=\"border-top-left-radius: 0px;border-top-right-radius: 0px;border-bottom-left-radius: 0px;border-bottom-right-radius: 0px\" \/>\t\t<\/figure>\n\n\n<figure style=\"margin-bottom: 12px\" class=\"wp-block-galleryberg-image galleryberg-image size-large has-hover-effect hover-zoom-in wp-block-galleryberg-image\" id=\"wp-image-847\">\n\t\t\t<a href=\"https:\/\/ashiscom.org\/congreso-jovenes\/wp-content\/uploads\/2026\/02\/mesadelaretaguardiaalfrente.png\">\n\t\t\t<img loading=\"lazy\" decoding=\"async\" width=\"790\" height=\"790\" src=\"https:\/\/ashiscom.org\/congreso-jovenes\/wp-content\/uploads\/2026\/02\/mesadelaretaguardiaalfrente.png\" class=\"\" alt=\"\" style=\"border-top-left-radius: 0px;border-top-right-radius: 0px;border-bottom-left-radius: 0px;border-bottom-right-radius: 0px\" \/>\t\t<\/a>\n\t\t<figcaption class=\"wp-element-caption caption-type-full-overlay caption-visibility-show-on-hover caption-align-bottom-center\" style=\"background: linear-gradient(0deg,rgb(0,0,0) 0%,rgba(0,0,0,0) 100%)\">De la retaguardia al frente: usos pol\u00edticos y medi\u00e1ticos de la participaci\u00f3n de las mujeres en contextos b\u00e9licos<\/figcaption><\/figure>\n\n\n<figure style=\"margin-bottom: 12px\" class=\"wp-block-galleryberg-image galleryberg-image size-large has-hover-effect hover-zoom-in wp-block-galleryberg-image\" id=\"wp-image-1021\">\n\t\t\t<img loading=\"lazy\" decoding=\"async\" width=\"790\" height=\"790\" src=\"https:\/\/ashiscom.org\/congreso-jovenes\/wp-content\/uploads\/2026\/03\/historiayaudiovisual.png\" class=\"\" alt=\"\" style=\"border-top-left-radius: 0px;border-top-right-radius: 0px;border-bottom-left-radius: 0px;border-bottom-right-radius: 0px\" \/>\t\t<\/figure>\n\n\n<figure style=\"margin-bottom: 12px\" class=\"wp-block-galleryberg-image galleryberg-image size-large has-hover-effect hover-zoom-in wp-block-galleryberg-image\" id=\"wp-image-1071\">\n\t\t\t<img loading=\"lazy\" decoding=\"async\" width=\"790\" height=\"790\" src=\"https:\/\/ashiscom.org\/congreso-jovenes\/wp-content\/uploads\/2026\/03\/mirandolatele.png\" class=\"\" alt=\"\" style=\"border-top-left-radius: 0px;border-top-right-radius: 0px;border-bottom-left-radius: 0px;border-bottom-right-radius: 0px\" \/>\t\t<\/figure>\n\n\n<figure style=\"margin-bottom: 12px\" class=\"wp-block-galleryberg-image galleryberg-image size-large has-hover-effect hover-zoom-in wp-block-galleryberg-image\" id=\"wp-image-1029\">\n\t\t\t<img loading=\"lazy\" decoding=\"async\" width=\"790\" height=\"790\" src=\"https:\/\/ashiscom.org\/congreso-jovenes\/wp-content\/uploads\/2026\/03\/movimientoobrero.png\" class=\"\" alt=\"\" style=\"border-top-left-radius: 0px;border-top-right-radius: 0px;border-bottom-left-radius: 0px;border-bottom-right-radius: 0px\" \/>\t\t<\/figure>\n\n<\/div>\n\n\n\n<p><\/p>\n","protected":false},"excerpt":{"rendered":"<p>Aqu\u00ed publicaremos las fotograf\u00edas de las diferentes sesiones as\u00ed como los videos creados durante la celebraci\u00f3n del II Congreso Internacional de J\u00f3venes&hellip; <\/p>\n","protected":false},"author":1,"featured_media":0,"parent":0,"menu_order":0,"comment_status":"closed","ping_status":"closed","template":"page-templates\/gallery-template.php","meta":{"footnotes":""},"class_list":["post-982","page","type-page","status-publish","hentry"],"_links":{"self":[{"href":"https:\/\/ashiscom.org\/congreso-jovenes\/wp-json\/wp\/v2\/pages\/982","targetHints":{"allow":["GET"]}}],"collection":[{"href":"https:\/\/ashiscom.org\/congreso-jovenes\/wp-json\/wp\/v2\/pages"}],"about":[{"href":"https:\/\/ashiscom.org\/congreso-jovenes\/wp-json\/wp\/v2\/types\/page"}],"author":[{"embeddable":true,"href":"https:\/\/ashiscom.org\/congreso-jovenes\/wp-json\/wp\/v2\/users\/1"}],"replies":[{"embeddable":true,"href":"https:\/\/ashiscom.org\/congreso-jovenes\/wp-json\/wp\/v2\/comments?post=982"}],"version-history":[{"count":8,"href":"https:\/\/ashiscom.org\/congreso-jovenes\/wp-json\/wp\/v2\/pages\/982\/revisions"}],"predecessor-version":[{"id":1078,"href":"https:\/\/ashiscom.org\/congreso-jovenes\/wp-json\/wp\/v2\/pages\/982\/revisions\/1078"}],"wp:attachment":[{"href":"https:\/\/ashiscom.org\/congreso-jovenes\/wp-json\/wp\/v2\/media?parent=982"}],"curies":[{"name":"wp","href":"https:\/\/api.w.org\/{rel}","templated":true}]}}