{"id":99,"date":"2016-08-10T15:27:14","date_gmt":"2016-08-10T15:27:14","guid":{"rendered":"http:\/\/localhost\/wordpress\/event\/?page_id=99"},"modified":"2026-03-02T21:44:40","modified_gmt":"2026-03-02T20:44:40","slug":"paloma-diaz","status":"publish","type":"page","link":"https:\/\/ashiscom.org\/congreso-jovenes\/comite-direccion\/paloma-diaz\/","title":{"rendered":"Paloma D\u00edaz Soloaga"},"content":{"rendered":"\n<div class=\"wp-block-media-text is-stacked-on-mobile is-vertically-aligned-top\"><figure class=\"wp-block-media-text__media\"><img loading=\"lazy\" decoding=\"async\" width=\"737\" height=\"737\" src=\"https:\/\/ashiscom.org\/congreso-jovenes\/wp-content\/uploads\/2026\/02\/Paloma.jpg\" alt=\"\" class=\"wp-image-751 size-full\" srcset=\"https:\/\/ashiscom.org\/congreso-jovenes\/wp-content\/uploads\/2026\/02\/Paloma.jpg 737w, https:\/\/ashiscom.org\/congreso-jovenes\/wp-content\/uploads\/2026\/02\/Paloma-300x300.jpg 300w, https:\/\/ashiscom.org\/congreso-jovenes\/wp-content\/uploads\/2026\/02\/Paloma-150x150.jpg 150w\" sizes=\"auto, (max-width: 737px) 100vw, 737px\" \/><\/figure><div class=\"wp-block-media-text__content\">\n<p>Paloma D\u00edaz Soloaga es Profesora Titular en la UCM, especializada en gesti\u00f3n de intangibles, marca y moda, con una trayectoria docente continuada en la Facultad de Ciencias de la Informaci\u00f3n desde 2001.<\/p>\n\n\n\n<p>Inici\u00f3 su carrera profesional en el Grupo Recoletos, en la revista Telva, y mantiene una s\u00f3lida conexi\u00f3n con el sector a trav\u00e9s de docencia, jurados profesionales y colaboraciones en medios.<\/p>\n\n\n\n<p>Ha dirigido durante una d\u00e9cada el T\u00edtulo Propio de Comunicaci\u00f3n y Gesti\u00f3n de la Moda en el Centro Universitario Villanueva, donde actualmente es Directora Honor\u00edfica del programa.<\/p>\n\n\n\n<p>Es miembro electo de la Junta de Facultad de CCINF-UCM desde 2016, con participaci\u00f3n estable en los \u00f3rganos de gobierno de la Facultad.<\/p>\n\n\n\n<p>Ha realizado estancias y actividades como visiting researcher y visiting professor en universidades de referencia, entre ellas Harvard, Illinois Urbana-Champaign, UC San Diego, NYU, FIT y Glasgow Caledonian University.<\/p>\n\n\n\n<p>Codirige las Jornadas Branding Days UCM\u2013Interbrand, conectando formaci\u00f3n universitaria y pr\u00e1ctica profesional en branding.<\/p>\n\n\n\n<p>Dirige el Grupo de Investigaci\u00f3n Complutense de Gesti\u00f3n de Marca y Comunicaci\u00f3n Integrada, con experiencia previa en grupos competitivos como SOCMEDIA.<\/p>\n\n\n\n<p>Su investigaci\u00f3n ha abordado, entre otros ejes, la comunicaci\u00f3n de marcas de moda y los estereotipos de g\u00e9nero en publicidad, en proyectos internacionales con universidades de Europa y Am\u00e9rica.<\/p>\n\n\n\n<p>Cuenta con una producci\u00f3n cient\u00edfica destacada, con libros de referencia como Comunicaci\u00f3n y gesti\u00f3n de marcas de moda (Gustavo Gili) y art\u00edculos en revistas acad\u00e9micas de prestigio.<\/p>\n\n\n\n<p>Complementa su perfil con actividad editorial y acad\u00e9mica internacional, formando parte de consejos editoriales como el Journal of Fashion Marketing and Management (Emerald) y participando en comit\u00e9s cient\u00edficos y docencia de posgrado en distintas instituciones.<\/p>\n<\/div><\/div>\n","protected":false},"excerpt":{"rendered":"<p>Paloma D\u00edaz Soloaga es Profesora Titular en la UCM, especializada en gesti\u00f3n de intangibles, marca y moda, con una trayectoria docente continuada&hellip; <\/p>\n","protected":false},"author":1,"featured_media":999,"parent":91,"menu_order":0,"comment_status":"closed","ping_status":"closed","template":"","meta":{"footnotes":""},"class_list":["post-99","page","type-page","status-publish","has-post-thumbnail","hentry"],"_links":{"self":[{"href":"https:\/\/ashiscom.org\/congreso-jovenes\/wp-json\/wp\/v2\/pages\/99","targetHints":{"allow":["GET"]}}],"collection":[{"href":"https:\/\/ashiscom.org\/congreso-jovenes\/wp-json\/wp\/v2\/pages"}],"about":[{"href":"https:\/\/ashiscom.org\/congreso-jovenes\/wp-json\/wp\/v2\/types\/page"}],"author":[{"embeddable":true,"href":"https:\/\/ashiscom.org\/congreso-jovenes\/wp-json\/wp\/v2\/users\/1"}],"replies":[{"embeddable":true,"href":"https:\/\/ashiscom.org\/congreso-jovenes\/wp-json\/wp\/v2\/comments?post=99"}],"version-history":[{"count":2,"href":"https:\/\/ashiscom.org\/congreso-jovenes\/wp-json\/wp\/v2\/pages\/99\/revisions"}],"predecessor-version":[{"id":822,"href":"https:\/\/ashiscom.org\/congreso-jovenes\/wp-json\/wp\/v2\/pages\/99\/revisions\/822"}],"up":[{"embeddable":true,"href":"https:\/\/ashiscom.org\/congreso-jovenes\/wp-json\/wp\/v2\/pages\/91"}],"wp:featuredmedia":[{"embeddable":true,"href":"https:\/\/ashiscom.org\/congreso-jovenes\/wp-json\/wp\/v2\/media\/999"}],"wp:attachment":[{"href":"https:\/\/ashiscom.org\/congreso-jovenes\/wp-json\/wp\/v2\/media?parent=99"}],"curies":[{"name":"wp","href":"https:\/\/api.w.org\/{rel}","templated":true}]}}